{"id":6999,"date":"2024-03-20T07:30:51","date_gmt":"2024-03-20T06:30:51","guid":{"rendered":"https:\/\/snap-on.eu\/?page_id=6999"},"modified":"2026-03-16T15:11:02","modified_gmt":"2026-03-16T14:11:02","slug":"produits","status":"publish","type":"page","link":"https:\/\/snap-on.eu\/fr\/produits\/","title":{"rendered":"Produits"},"content":{"rendered":"<section id=\"\"\n  class=\"block-slim-hero-text block-wrapper\n  py-8 md:py-12\n  relative bg-cover bg-center lg:bg-right aspect-[1440\/300] md:p-8 flex items-end\"\n  style=\"background-image: url(https:\/\/snap-on.eu\/wp-content\/uploads\/2026\/01\/producten_header_hottools_feb_mar-1.png)\">\n      <div class=\"container \">\n      <div class=\"bg-white rounded-[4px] p-8 w-full max-md:bg-opacity-85 md:w-1\/2 lg:w-2\/5 space-y-4\">\n      <h2 class=\"h2\">Promotions<\/h2>\n      <div class=\"wysiwyg max-sm:text-[13px]\"><p>Les outils Snap-on sont synonymes de pr\u00e9cision, de durabilit\u00e9 et d&rsquo;efficacit\u00e9. Con\u00e7us pour les professionnels qui veulent r\u00e9ussir chaque t\u00e2che du premier coup. Une petite pr\u00e9sentation.<\/p>\n<\/div>\n              <a class=\"align-middle inline-block text-sunsetred max-sm:text-14px\" href=\"https:\/\/snap-on.eu\/producten-catalogus\/nouveaux-produits-et-promotions\/\"\n          target=\"\">\n          <span class=\"inline-block font-medium\">Nouveaux produits et promotions<\/span>\n          <img decoding=\"async\" class=\"inline-block w-3 sm:w-4 ml-1 sm:ml-2\" src=\"https:\/\/snap-on.eu\/wp-content\/themes\/sna-snap-on-wp\/public\/images\/icons\/icon-arrow_right-red.b2e0de.svg\" alt=\"\" srcset=\"\">\n        <\/a>\n          <\/div>\n  \n  \n      <\/div>\n  <\/section>\n","protected":false},"excerpt":{"rendered":"","protected":false},"author":3,"featured_media":0,"parent":0,"menu_order":0,"comment_status":"closed","ping_status":"closed","template":"template-products-overview-page.blade.php","meta":{"_acf_changed":false,"inline_featured_image":false,"footnotes":""},"class_list":["post-6999","page","type-page","status-publish","hentry"],"acf":[],"yoast_head":"<!-- This site is optimized with the Yoast SEO Premium plugin v26.8 (Yoast SEO v26.8) - https:\/\/yoast.com\/product\/yoast-seo-premium-wordpress\/ -->\n<title>Snap-on Tools Produits<\/title>\n<meta name=\"description\" content=\"Snap-on Tools Produits\" \/>\n<meta name=\"robots\" content=\"index, follow, max-snippet:-1, max-image-preview:large, max-video-preview:-1\" \/>\n<link rel=\"canonical\" href=\"https:\/\/snap-on.eu\/fr\/produits\/\" \/>\n<meta property=\"og:locale\" content=\"fr_FR\" \/>\n<meta property=\"og:type\" content=\"article\" \/>\n<meta property=\"og:title\" content=\"Produits\" \/>\n<meta property=\"og:description\" content=\"Snap-on Tools Produits\" \/>\n<meta property=\"og:url\" content=\"https:\/\/snap-on.eu\/fr\/produits\/\" \/>\n<meta property=\"og:site_name\" content=\"Snap-on\" \/>\n<meta property=\"article:publisher\" content=\"https:\/\/www.facebook.com\/Snapon.Benelux\" \/>\n<meta property=\"article:modified_time\" content=\"2026-03-16T14:11:02+00:00\" \/>\n<meta name=\"twitter:card\" content=\"summary_large_image\" \/>\n<meta name=\"twitter:site\" content=\"@SnaponBenelux\" \/>\n<script type=\"application\/ld+json\" class=\"yoast-schema-graph\">{\"@context\":\"https:\/\/schema.org\",\"@graph\":[{\"@type\":\"WebPage\",\"@id\":\"https:\/\/snap-on.eu\/fr\/produits\/\",\"url\":\"https:\/\/snap-on.eu\/fr\/produits\/\",\"name\":\"Snap-on Tools Produits\",\"isPartOf\":{\"@id\":\"https:\/\/snap-on.eu\/#website\"},\"datePublished\":\"2024-03-20T06:30:51+00:00\",\"dateModified\":\"2026-03-16T14:11:02+00:00\",\"description\":\"Snap-on Tools Produits\",\"breadcrumb\":{\"@id\":\"https:\/\/snap-on.eu\/fr\/produits\/#breadcrumb\"},\"inLanguage\":\"fr-FR\",\"potentialAction\":[{\"@type\":\"ReadAction\",\"target\":[\"https:\/\/snap-on.eu\/fr\/produits\/\"]}]},{\"@type\":\"BreadcrumbList\",\"@id\":\"https:\/\/snap-on.eu\/fr\/produits\/#breadcrumb\",\"itemListElement\":[{\"@type\":\"ListItem\",\"position\":1,\"name\":\"Home\",\"item\":\"https:\/\/snap-on.eu\/fr\/\"},{\"@type\":\"ListItem\",\"position\":2,\"name\":\"Produits\"}]},{\"@type\":\"WebSite\",\"@id\":\"https:\/\/snap-on.eu\/#website\",\"url\":\"https:\/\/snap-on.eu\/\",\"name\":\"Snap-on Tools Benelux\",\"description\":\"\",\"publisher\":{\"@id\":\"https:\/\/snap-on.eu\/#organization\"},\"potentialAction\":[{\"@type\":\"SearchAction\",\"target\":{\"@type\":\"EntryPoint\",\"urlTemplate\":\"https:\/\/snap-on.eu\/?s={search_term_string}\"},\"query-input\":{\"@type\":\"PropertyValueSpecification\",\"valueRequired\":true,\"valueName\":\"search_term_string\"}}],\"inLanguage\":\"fr-FR\"},{\"@type\":\"Organization\",\"@id\":\"https:\/\/snap-on.eu\/#organization\",\"name\":\"Snap-on Tools Benelux B.V.\",\"url\":\"https:\/\/snap-on.eu\/\",\"logo\":{\"@type\":\"ImageObject\",\"inLanguage\":\"fr-FR\",\"@id\":\"https:\/\/snap-on.eu\/#\/schema\/logo\/image\/\",\"url\":\"https:\/\/snap-on.eu\/wp-content\/uploads\/2025\/02\/Snap-on-Logo.png\",\"contentUrl\":\"https:\/\/snap-on.eu\/wp-content\/uploads\/2025\/02\/Snap-on-Logo.png\",\"width\":3840,\"height\":2160,\"caption\":\"Snap-on Tools Benelux B.V.\"},\"image\":{\"@id\":\"https:\/\/snap-on.eu\/#\/schema\/logo\/image\/\"},\"sameAs\":[\"https:\/\/www.facebook.com\/Snapon.Benelux\",\"https:\/\/x.com\/SnaponBenelux\"]}]}<\/script>\n<!-- \/ Yoast SEO Premium plugin. -->","yoast_head_json":{"title":"Snap-on Tools Produits","description":"Snap-on Tools Produits","robots":{"index":"index","follow":"follow","max-snippet":"max-snippet:-1","max-image-preview":"max-image-preview:large","max-video-preview":"max-video-preview:-1"},"canonical":"https:\/\/snap-on.eu\/fr\/produits\/","og_locale":"fr_FR","og_type":"article","og_title":"Produits","og_description":"Snap-on Tools Produits","og_url":"https:\/\/snap-on.eu\/fr\/produits\/","og_site_name":"Snap-on","article_publisher":"https:\/\/www.facebook.com\/Snapon.Benelux","article_modified_time":"2026-03-16T14:11:02+00:00","twitter_card":"summary_large_image","twitter_site":"@SnaponBenelux","schema":{"@context":"https:\/\/schema.org","@graph":[{"@type":"WebPage","@id":"https:\/\/snap-on.eu\/fr\/produits\/","url":"https:\/\/snap-on.eu\/fr\/produits\/","name":"Snap-on Tools Produits","isPartOf":{"@id":"https:\/\/snap-on.eu\/#website"},"datePublished":"2024-03-20T06:30:51+00:00","dateModified":"2026-03-16T14:11:02+00:00","description":"Snap-on Tools Produits","breadcrumb":{"@id":"https:\/\/snap-on.eu\/fr\/produits\/#breadcrumb"},"inLanguage":"fr-FR","potentialAction":[{"@type":"ReadAction","target":["https:\/\/snap-on.eu\/fr\/produits\/"]}]},{"@type":"BreadcrumbList","@id":"https:\/\/snap-on.eu\/fr\/produits\/#breadcrumb","itemListElement":[{"@type":"ListItem","position":1,"name":"Home","item":"https:\/\/snap-on.eu\/fr\/"},{"@type":"ListItem","position":2,"name":"Produits"}]},{"@type":"WebSite","@id":"https:\/\/snap-on.eu\/#website","url":"https:\/\/snap-on.eu\/","name":"Snap-on Tools Benelux","description":"","publisher":{"@id":"https:\/\/snap-on.eu\/#organization"},"potentialAction":[{"@type":"SearchAction","target":{"@type":"EntryPoint","urlTemplate":"https:\/\/snap-on.eu\/?s={search_term_string}"},"query-input":{"@type":"PropertyValueSpecification","valueRequired":true,"valueName":"search_term_string"}}],"inLanguage":"fr-FR"},{"@type":"Organization","@id":"https:\/\/snap-on.eu\/#organization","name":"Snap-on Tools Benelux B.V.","url":"https:\/\/snap-on.eu\/","logo":{"@type":"ImageObject","inLanguage":"fr-FR","@id":"https:\/\/snap-on.eu\/#\/schema\/logo\/image\/","url":"https:\/\/snap-on.eu\/wp-content\/uploads\/2025\/02\/Snap-on-Logo.png","contentUrl":"https:\/\/snap-on.eu\/wp-content\/uploads\/2025\/02\/Snap-on-Logo.png","width":3840,"height":2160,"caption":"Snap-on Tools Benelux B.V."},"image":{"@id":"https:\/\/snap-on.eu\/#\/schema\/logo\/image\/"},"sameAs":["https:\/\/www.facebook.com\/Snapon.Benelux","https:\/\/x.com\/SnaponBenelux"]}]}},"_links":{"self":[{"href":"https:\/\/snap-on.eu\/fr\/wp-json\/wp\/v2\/pages\/6999","targetHints":{"allow":["GET"]}}],"collection":[{"href":"https:\/\/snap-on.eu\/fr\/wp-json\/wp\/v2\/pages"}],"about":[{"href":"https:\/\/snap-on.eu\/fr\/wp-json\/wp\/v2\/types\/page"}],"author":[{"embeddable":true,"href":"https:\/\/snap-on.eu\/fr\/wp-json\/wp\/v2\/users\/3"}],"replies":[{"embeddable":true,"href":"https:\/\/snap-on.eu\/fr\/wp-json\/wp\/v2\/comments?post=6999"}],"version-history":[{"count":4,"href":"https:\/\/snap-on.eu\/fr\/wp-json\/wp\/v2\/pages\/6999\/revisions"}],"predecessor-version":[{"id":7006,"href":"https:\/\/snap-on.eu\/fr\/wp-json\/wp\/v2\/pages\/6999\/revisions\/7006"}],"wp:attachment":[{"href":"https:\/\/snap-on.eu\/fr\/wp-json\/wp\/v2\/media?parent=6999"}],"curies":[{"name":"wp","href":"https:\/\/api.w.org\/{rel}","templated":true}]}}