{"id":6518,"date":"2024-03-20T07:32:39","date_gmt":"2024-03-20T06:32:39","guid":{"rendered":"https:\/\/snap-on.eu\/financement\/"},"modified":"2026-01-17T17:29:29","modified_gmt":"2026-01-17T16:29:29","slug":"financement","status":"publish","type":"page","link":"https:\/\/snap-on.eu\/fr\/financement\/","title":{"rendered":"Financement"},"content":{"rendered":"<section id=\"\"\n  class=\"block-text-container-cta block-wrapper\n  my-8 md:my-12\n  space-y-8\"\n  style=\"\">\n      <div class=\"container \">\n      <div class=\"wysiwyg text-anthracite-light dark:text-white\">\n    <p>Snap-on Tools d\u00e9tient la cl\u00e9 de votre rentabilit\u00e9 ! Forts de plus d&rsquo;un si\u00e8cle d&rsquo;exp\u00e9rience, nous proposons une vaste gamme de produits d&rsquo;excellence et accompagnons les entrepreneurs dans l&rsquo;optimisation de leur activit\u00e9. Investissez de mani\u00e8re responsable dans votre atelier et d\u00e9veloppez votre outil de travail gr\u00e2ce \u00e0 nos options financi\u00e8res avantageuses.  <\/p>\n<p>Avec Snap-on Easy Pay, vous pouvez financer vos achats jusqu&rsquo;\u00e0 un montant total de 2.000 \u20ac sans aucun int\u00e9r\u00eat. Nous prenons les int\u00e9r\u00eats \u00e0 notre charge pour vous permettre de vous mettre au travail imm\u00e9diatement et l&rsquo;esprit l\u00e9ger. <\/p>\n<p>Les clients int\u00e9ress\u00e9s peuvent, par exemple, acqu\u00e9rir des produits Snap-on High Performance d&rsquo;une valeur totale de 2 000 euros et les rembourser sur une p\u00e9riode de six mois, pour un montant de moins de 350 euros par mois.<\/p>\n<h3><strong>Snap-on Finance*<\/strong><\/h3>\n<p>Financez vos produits Snap-on \u00e0 un taux fixe et sur une dur\u00e9e plus longue, en toute simplicit\u00e9 avec Snap-on Finance. Qu&rsquo;il s&rsquo;agisse de servantes d&rsquo;atelier, d&rsquo;appareils de diagnostic, d&rsquo;\u00e9quipement de service de pneumatiques ou d&rsquo;un am\u00e9nagement complet d&rsquo;atelier, nous offrons des possibilit\u00e9s de financement flexibles avec des dur\u00e9es de 6 \u00e0 60 mois \u00e0 un pourcentage fixe. Optimisez vos co\u00fbts et maximisez vos revenus avec Snap-on Finance, le credo pour entreprendre de mani\u00e8re rentable dans les conditions \u00e9conomiques actuelles.  <\/p>\n<p>Snap-on n&rsquo;offre pas seulement de l&rsquo;outillage, des appareils de diagnostic et de l&rsquo;\u00e9quipement de haute qualit\u00e9, mais aussi des solutions pour votre tr\u00e9sorerie avec Easy Pay et Finance. Discutez sans engagement avec le franchis\u00e9 Snap-on Tools de votre r\u00e9gion des conditions avantageuses des diff\u00e9rentes possibilit\u00e9s et choisissez ensemble la meilleure option qui s&rsquo;aligne sur votre situation, m\u00eame en cas de baisse temporaire de votre tr\u00e9sorerie. <\/p>\n\n  <\/div>\n  \n  \n      <\/div>\n  <\/section>\n<section id=\"\"\n  class=\"block-icon-list-cta block-wrapper\n  my-8 md:my-12\n  bg-whitesmoke dark:bg-dark_bluecharcola space-y-8 py-8\"\n  style=\"\">\n      <div class=\"container \">\n      <h3>Conditions Snap-on Easy Pay<\/h3>\n      <div class=\"space-y-4\">\n                      <p class=\"flex\">\n                      <img decoding=\"async\" src=\"https:\/\/snap-on.eu\/wp-content\/uploads\/2024\/07\/icon-calendar.svg\"\n      alt=\"icon-calendar\"\n      srcset=\"\"\n    class=\"w-6 h-6\">\n                    <span class=\"ml-4\">6 mensualit\u00e9s sont per\u00e7ues par pr\u00e9l\u00e8vement automatique.<\/span>\n        <\/p>\n                      <p class=\"flex\">\n                      <img decoding=\"async\" src=\"https:\/\/snap-on.eu\/wp-content\/uploads\/2024\/07\/icon-coins.svg\"\n      alt=\"icon-coins\"\n      srcset=\"\"\n    class=\"w-6 h-6\">\n                    <span class=\"ml-4\">Le montant minimum Easy Pay est de 200 euros hors TVA et le maximum est de 2.000 euros hors TVA par contrat.<\/span>\n        <\/p>\n                      <p class=\"flex\">\n                      <img decoding=\"async\" src=\"https:\/\/snap-on.eu\/wp-content\/uploads\/2024\/07\/icon-trendup.svg\"\n      alt=\"icon-trendup\"\n      srcset=\"\"\n    class=\"w-6 h-6\">\n                    <span class=\"ml-4\">Maximum 3 contrats en cours par client avec une valeur totale maximale de 5.000 euros hors TVA.<\/span>\n        <\/p>\n                      <p class=\"flex\">\n                      <img decoding=\"async\" src=\"https:\/\/snap-on.eu\/wp-content\/uploads\/2024\/07\/icon-euros.svg\"\n      alt=\"icon-euros\"\n      srcset=\"\"\n    class=\"w-6 h-6\">\n                    <span class=\"ml-4\">Si le montant d&#039;achat est sup\u00e9rieur \u00e0 2.000 euros hors TVA, la diff\u00e9rence peut \u00eatre r\u00e9gl\u00e9e sous forme d&#039;acompte.<\/span>\n        <\/p>\n                      <p class=\"flex\">\n                      <img decoding=\"async\" src=\"https:\/\/snap-on.eu\/wp-content\/uploads\/2024\/07\/icon-user.svg\"\n      alt=\"icon-user\"\n      srcset=\"\"\n    class=\"w-6 h-6\">\n                    <span class=\"ml-4\">Snap-on Easy Pay n&#039;est pas accessible aux particuliers.<\/span>\n        <\/p>\n                      <p class=\"flex\">\n                      <img decoding=\"async\" src=\"https:\/\/snap-on.eu\/wp-content\/uploads\/2024\/07\/icon-creditcard.svg\"\n      alt=\"icon-creditcard\"\n      srcset=\"\"\n    class=\"w-6 h-6\">\n                    <span class=\"ml-4\">Snap-on Easy Pay est uniquement disponible aux Pays-Bas.<\/span>\n        <\/p>\n          <\/div>\n    <p><\/p>\n  \n  \n      <\/div>\n  <\/section>\n<section id=\"\"\n  class=\"block-cta block-wrapper\n  my-8 md:my-12\n  bg-whitesmoke dark:bg-dark_bluecharcola py-8\"\n  style=\"\">\n      <div class=\"container \">\n      <div class=\"flex items-center gap-4 justify-between flex-wrap\">\n      <p class=\"font-bold\">Vous voulez en savoir plus sur cet article ?<\/p>\n      <a href=\"https:\/\/snap-on.eu\/contact\/\" target=\"\"\n  class=\"btn btn-primary py-4 px-[30px] \"\n  role=\"button\" data-post-id=\"6518\" >\n  Prenez contact avec nous <img decoding=\"async\" class=\"w-3 ml-2\" src=\"https:\/\/snap-on.eu\/wp-content\/themes\/sna-snap-on-wp\/public\/images\/icons\/icon-arrow_right-white.026121.svg\" alt=\"\">\n<\/a>\n    <\/div>\n  \n  \n      <\/div>\n  <\/section>\n","protected":false},"excerpt":{"rendered":"","protected":false},"author":1,"featured_media":794,"parent":0,"menu_order":0,"comment_status":"closed","ping_status":"closed","template":"template-intro-page.blade.php","meta":{"_acf_changed":false,"inline_featured_image":false,"footnotes":""},"class_list":["post-6518","page","type-page","status-publish","has-post-thumbnail","hentry"],"acf":[],"yoast_head":"<!-- This site is optimized with the Yoast SEO Premium plugin v26.8 (Yoast SEO v26.8) - https:\/\/yoast.com\/product\/yoast-seo-premium-wordpress\/ -->\n<title>Financement Snap-on<\/title>\n<meta name=\"robots\" content=\"index, follow, max-snippet:-1, max-image-preview:large, max-video-preview:-1\" \/>\n<link rel=\"canonical\" href=\"https:\/\/snap-on.eu\/fr\/financement\/\" \/>\n<meta property=\"og:locale\" content=\"fr_FR\" \/>\n<meta property=\"og:type\" content=\"article\" \/>\n<meta property=\"og:title\" content=\"Financement\" \/>\n<meta property=\"og:url\" content=\"https:\/\/snap-on.eu\/fr\/financement\/\" \/>\n<meta property=\"og:site_name\" content=\"Snap-on\" \/>\n<meta property=\"article:publisher\" content=\"https:\/\/www.facebook.com\/Snapon.Benelux\" \/>\n<meta property=\"article:modified_time\" content=\"2026-01-17T16:29:29+00:00\" \/>\n<meta property=\"og:image\" content=\"https:\/\/snap-on.eu\/wp-content\/uploads\/2024\/10\/TruckInteriorOne-080711.png\" \/>\n\t<meta property=\"og:image:width\" content=\"1000\" \/>\n\t<meta property=\"og:image:height\" content=\"665\" \/>\n\t<meta property=\"og:image:type\" content=\"image\/png\" \/>\n<meta name=\"twitter:card\" content=\"summary_large_image\" \/>\n<meta name=\"twitter:site\" content=\"@SnaponBenelux\" \/>\n<script type=\"application\/ld+json\" class=\"yoast-schema-graph\">{\"@context\":\"https:\/\/schema.org\",\"@graph\":[{\"@type\":\"WebPage\",\"@id\":\"https:\/\/snap-on.eu\/fr\/financement\/\",\"url\":\"https:\/\/snap-on.eu\/fr\/financement\/\",\"name\":\"Financement Snap-on\",\"isPartOf\":{\"@id\":\"https:\/\/snap-on.eu\/#website\"},\"primaryImageOfPage\":{\"@id\":\"https:\/\/snap-on.eu\/fr\/financement\/#primaryimage\"},\"image\":{\"@id\":\"https:\/\/snap-on.eu\/fr\/financement\/#primaryimage\"},\"thumbnailUrl\":\"https:\/\/snap-on.eu\/wp-content\/uploads\/2024\/10\/TruckInteriorOne-080711.png\",\"datePublished\":\"2024-03-20T06:32:39+00:00\",\"dateModified\":\"2026-01-17T16:29:29+00:00\",\"breadcrumb\":{\"@id\":\"https:\/\/snap-on.eu\/fr\/financement\/#breadcrumb\"},\"inLanguage\":\"fr-FR\",\"potentialAction\":[{\"@type\":\"ReadAction\",\"target\":[\"https:\/\/snap-on.eu\/fr\/financement\/\"]}]},{\"@type\":\"ImageObject\",\"inLanguage\":\"fr-FR\",\"@id\":\"https:\/\/snap-on.eu\/fr\/financement\/#primaryimage\",\"url\":\"https:\/\/snap-on.eu\/wp-content\/uploads\/2024\/10\/TruckInteriorOne-080711.png\",\"contentUrl\":\"https:\/\/snap-on.eu\/wp-content\/uploads\/2024\/10\/TruckInteriorOne-080711.png\",\"width\":1000,\"height\":665,\"caption\":\"Snap-on productiviteitsoplossingen\"},{\"@type\":\"BreadcrumbList\",\"@id\":\"https:\/\/snap-on.eu\/fr\/financement\/#breadcrumb\",\"itemListElement\":[{\"@type\":\"ListItem\",\"position\":1,\"name\":\"Home\",\"item\":\"https:\/\/snap-on.eu\/fr\/\"},{\"@type\":\"ListItem\",\"position\":2,\"name\":\"Financement\"}]},{\"@type\":\"WebSite\",\"@id\":\"https:\/\/snap-on.eu\/#website\",\"url\":\"https:\/\/snap-on.eu\/\",\"name\":\"Snap-on Tools Benelux\",\"description\":\"\",\"publisher\":{\"@id\":\"https:\/\/snap-on.eu\/#organization\"},\"potentialAction\":[{\"@type\":\"SearchAction\",\"target\":{\"@type\":\"EntryPoint\",\"urlTemplate\":\"https:\/\/snap-on.eu\/?s={search_term_string}\"},\"query-input\":{\"@type\":\"PropertyValueSpecification\",\"valueRequired\":true,\"valueName\":\"search_term_string\"}}],\"inLanguage\":\"fr-FR\"},{\"@type\":\"Organization\",\"@id\":\"https:\/\/snap-on.eu\/#organization\",\"name\":\"Snap-on Tools Benelux B.V.\",\"url\":\"https:\/\/snap-on.eu\/\",\"logo\":{\"@type\":\"ImageObject\",\"inLanguage\":\"fr-FR\",\"@id\":\"https:\/\/snap-on.eu\/#\/schema\/logo\/image\/\",\"url\":\"https:\/\/snap-on.eu\/wp-content\/uploads\/2025\/02\/Snap-on-Logo.png\",\"contentUrl\":\"https:\/\/snap-on.eu\/wp-content\/uploads\/2025\/02\/Snap-on-Logo.png\",\"width\":3840,\"height\":2160,\"caption\":\"Snap-on Tools Benelux B.V.\"},\"image\":{\"@id\":\"https:\/\/snap-on.eu\/#\/schema\/logo\/image\/\"},\"sameAs\":[\"https:\/\/www.facebook.com\/Snapon.Benelux\",\"https:\/\/x.com\/SnaponBenelux\"]}]}<\/script>\n<!-- \/ Yoast SEO Premium plugin. -->","yoast_head_json":{"title":"Financement Snap-on","robots":{"index":"index","follow":"follow","max-snippet":"max-snippet:-1","max-image-preview":"max-image-preview:large","max-video-preview":"max-video-preview:-1"},"canonical":"https:\/\/snap-on.eu\/fr\/financement\/","og_locale":"fr_FR","og_type":"article","og_title":"Financement","og_url":"https:\/\/snap-on.eu\/fr\/financement\/","og_site_name":"Snap-on","article_publisher":"https:\/\/www.facebook.com\/Snapon.Benelux","article_modified_time":"2026-01-17T16:29:29+00:00","og_image":[{"width":1000,"height":665,"url":"https:\/\/snap-on.eu\/wp-content\/uploads\/2024\/10\/TruckInteriorOne-080711.png","type":"image\/png"}],"twitter_card":"summary_large_image","twitter_site":"@SnaponBenelux","schema":{"@context":"https:\/\/schema.org","@graph":[{"@type":"WebPage","@id":"https:\/\/snap-on.eu\/fr\/financement\/","url":"https:\/\/snap-on.eu\/fr\/financement\/","name":"Financement Snap-on","isPartOf":{"@id":"https:\/\/snap-on.eu\/#website"},"primaryImageOfPage":{"@id":"https:\/\/snap-on.eu\/fr\/financement\/#primaryimage"},"image":{"@id":"https:\/\/snap-on.eu\/fr\/financement\/#primaryimage"},"thumbnailUrl":"https:\/\/snap-on.eu\/wp-content\/uploads\/2024\/10\/TruckInteriorOne-080711.png","datePublished":"2024-03-20T06:32:39+00:00","dateModified":"2026-01-17T16:29:29+00:00","breadcrumb":{"@id":"https:\/\/snap-on.eu\/fr\/financement\/#breadcrumb"},"inLanguage":"fr-FR","potentialAction":[{"@type":"ReadAction","target":["https:\/\/snap-on.eu\/fr\/financement\/"]}]},{"@type":"ImageObject","inLanguage":"fr-FR","@id":"https:\/\/snap-on.eu\/fr\/financement\/#primaryimage","url":"https:\/\/snap-on.eu\/wp-content\/uploads\/2024\/10\/TruckInteriorOne-080711.png","contentUrl":"https:\/\/snap-on.eu\/wp-content\/uploads\/2024\/10\/TruckInteriorOne-080711.png","width":1000,"height":665,"caption":"Snap-on productiviteitsoplossingen"},{"@type":"BreadcrumbList","@id":"https:\/\/snap-on.eu\/fr\/financement\/#breadcrumb","itemListElement":[{"@type":"ListItem","position":1,"name":"Home","item":"https:\/\/snap-on.eu\/fr\/"},{"@type":"ListItem","position":2,"name":"Financement"}]},{"@type":"WebSite","@id":"https:\/\/snap-on.eu\/#website","url":"https:\/\/snap-on.eu\/","name":"Snap-on Tools Benelux","description":"","publisher":{"@id":"https:\/\/snap-on.eu\/#organization"},"potentialAction":[{"@type":"SearchAction","target":{"@type":"EntryPoint","urlTemplate":"https:\/\/snap-on.eu\/?s={search_term_string}"},"query-input":{"@type":"PropertyValueSpecification","valueRequired":true,"valueName":"search_term_string"}}],"inLanguage":"fr-FR"},{"@type":"Organization","@id":"https:\/\/snap-on.eu\/#organization","name":"Snap-on Tools Benelux B.V.","url":"https:\/\/snap-on.eu\/","logo":{"@type":"ImageObject","inLanguage":"fr-FR","@id":"https:\/\/snap-on.eu\/#\/schema\/logo\/image\/","url":"https:\/\/snap-on.eu\/wp-content\/uploads\/2025\/02\/Snap-on-Logo.png","contentUrl":"https:\/\/snap-on.eu\/wp-content\/uploads\/2025\/02\/Snap-on-Logo.png","width":3840,"height":2160,"caption":"Snap-on Tools Benelux B.V."},"image":{"@id":"https:\/\/snap-on.eu\/#\/schema\/logo\/image\/"},"sameAs":["https:\/\/www.facebook.com\/Snapon.Benelux","https:\/\/x.com\/SnaponBenelux"]}]}},"_links":{"self":[{"href":"https:\/\/snap-on.eu\/fr\/wp-json\/wp\/v2\/pages\/6518","targetHints":{"allow":["GET"]}}],"collection":[{"href":"https:\/\/snap-on.eu\/fr\/wp-json\/wp\/v2\/pages"}],"about":[{"href":"https:\/\/snap-on.eu\/fr\/wp-json\/wp\/v2\/types\/page"}],"author":[{"embeddable":true,"href":"https:\/\/snap-on.eu\/fr\/wp-json\/wp\/v2\/users\/1"}],"replies":[{"embeddable":true,"href":"https:\/\/snap-on.eu\/fr\/wp-json\/wp\/v2\/comments?post=6518"}],"version-history":[{"count":1,"href":"https:\/\/snap-on.eu\/fr\/wp-json\/wp\/v2\/pages\/6518\/revisions"}],"predecessor-version":[{"id":6519,"href":"https:\/\/snap-on.eu\/fr\/wp-json\/wp\/v2\/pages\/6518\/revisions\/6519"}],"wp:featuredmedia":[{"embeddable":true,"href":"https:\/\/snap-on.eu\/fr\/wp-json\/wp\/v2\/media\/794"}],"wp:attachment":[{"href":"https:\/\/snap-on.eu\/fr\/wp-json\/wp\/v2\/media?parent=6518"}],"curies":[{"name":"wp","href":"https:\/\/api.w.org\/{rel}","templated":true}]}}