{"id":6516,"date":"2024-03-20T07:33:01","date_gmt":"2024-03-20T06:33:01","guid":{"rendered":"https:\/\/snap-on.eu\/devenir-franchise\/"},"modified":"2026-01-23T20:17:41","modified_gmt":"2026-01-23T19:17:41","slug":"devenir-franchise","status":"publish","type":"page","link":"https:\/\/snap-on.eu\/fr\/devenir-franchise\/","title":{"rendered":"Devenir franchis\u00e9"},"content":{"rendered":"<section id=\"\"\n  class=\"block-text-container-cta block-wrapper\n  my-8 md:my-12\n  space-y-8\"\n  style=\"\">\n      <div class=\"container \">\n      <div class=\"wysiwyg text-anthracite-light dark:text-white\">\n    <p>Vous r\u00eavez de lancer votre propre entreprise et de travailler avec un outillage de pointe ? Alors la franchise Snap-on Tools est exactement ce qu&rsquo;il vous faut. En tant que franchis\u00e9, vous g\u00e9rez votre propre magasin mobile et vendez le meilleur outillage directement aux professionnels. Et le plus beau dans tout \u00e7a ? Vous avez la libert\u00e9 d&rsquo;organiser votre journ\u00e9e comme bon vous semble. Tout ce dont vous avez besoin, c&rsquo;est de la pers\u00e9v\u00e9rance et un esprit d&rsquo;entreprise. Nous nous occupons du reste      <\/p>\n<h3>Qu&rsquo;est-ce que la franchise Snap-on ?<\/h3>\n<p>En tant que franchis\u00e9 Snap-on, vous \u00eates votre propre patron. Vous g\u00e9rez votre propre magasin mobile et vendez un outillage haut de gamme directement aux professionnels. Avec plus de 105 ans d&rsquo;exp\u00e9rience, Snap-on repose sur une formule au succ\u00e8s \u00e9prouv\u00e9. Nous vous apportons les outils et l&rsquo;accompagnement n\u00e9cessaires pour garantir votre r\u00e9ussite.   <\/p>\n<h3>Pourquoi choisir la franchise Snap-on ?<\/h3>\n<p>Snap-on Tools propose une formule de franchise avec une marque forte, un mod\u00e8le \u00e9conomique \u00e9prouv\u00e9, un soutien complet et un acc\u00e8s exclusif \u00e0 la client\u00e8le. C&rsquo;est une opportunit\u00e9 id\u00e9ale pour les entrepreneurs qui souhaitent travailler de mani\u00e8re ind\u00e9pendante, tout en profitant de la puissance et de l&rsquo;exp\u00e9rience d&rsquo;un leader mondial de l&rsquo;outillage professionnel. <\/p>\n<h3>Les avantages exclusifs de la franchise Snap-on<\/h3>\n<p>Snap-on Tools est une success-story av\u00e9r\u00e9e. En tant que franchis\u00e9, vous d\u00e9marrez votre propre entreprise et vendez le meilleur outillage professionnel directement aux professionnels. Notre mod\u00e8le \u00e9conomique \u00e9prouv\u00e9 existe depuis 1920 et est appliqu\u00e9 par plus de 4.600 entrepreneurs dans le monde.  <\/p>\n\n  <\/div>\n  \n  \n      <\/div>\n  <\/section>\n<section id=\"\"\n  class=\"block-icon-list-cta block-wrapper\n  my-8 md:my-12\n  bg-whitesmoke dark:bg-dark_bluecharcola space-y-8 py-8\"\n  style=\"\">\n      <div class=\"container \">\n      <h3>La franchise Snap-on<\/h3>\n      <div class=\"space-y-4\">\n                      <p class=\"flex\">\n                      <img decoding=\"async\" src=\"https:\/\/snap-on.eu\/wp-content\/uploads\/2022\/11\/Red-dot-1.png\"\n      alt=\"Red-dot-1\"\n      srcset=\"\"\n    class=\"w-6 h-6\">\n                    <span class=\"ml-4\">Revenus attractifs : D\u00e9veloppez une entreprise rentable avec des marges solides et un r\u00e9el potentiel de croissance.<\/span>\n        <\/p>\n                      <p class=\"flex\">\n                      <img decoding=\"async\" src=\"https:\/\/snap-on.eu\/wp-content\/uploads\/2022\/11\/Red-dot-1.png\"\n      alt=\"Red-dot-1\"\n      srcset=\"\"\n    class=\"w-6 h-6\">\n                    <span class=\"ml-4\">Libert\u00e9 maximale : G\u00e9rez votre activit\u00e9 \u00e0 votre mani\u00e8re, avec acc\u00e8s \u00e0 des formations et un support technique \u00e0 la demande.<\/span>\n        <\/p>\n                      <p class=\"flex\">\n                      <img decoding=\"async\" src=\"https:\/\/snap-on.eu\/wp-content\/uploads\/2022\/11\/Red-dot-1.png\"\n      alt=\"Red-dot-1\"\n      srcset=\"\"\n    class=\"w-6 h-6\">\n                    <span class=\"ml-4\">Un catalogue unique de marques prestigieuses : Distribuez des outils premium et des \u00e9quipements de qualit\u00e9 \u00e9prouv\u00e9e \u2013 des outils auxquels les professionnels font confiance.<\/span>\n        <\/p>\n                      <p class=\"flex\">\n                      <img decoding=\"async\" src=\"https:\/\/snap-on.eu\/wp-content\/uploads\/2022\/11\/Red-dot-1.png\"\n      alt=\"Red-dot-1\"\n      srcset=\"\"\n    class=\"w-6 h-6\">\n                    <span class=\"ml-4\">Ind\u00e9pendant, mais pas seul : Du d\u00e9marrage \u00e0 la gestion quotidienne, nous sommes toujours pr\u00eats \u00e0 vous soutenir avec de la formation, du marketing et un support commercial.<\/span>\n        <\/p>\n                      <p class=\"flex\">\n                      <img decoding=\"async\" src=\"https:\/\/snap-on.eu\/wp-content\/uploads\/2022\/11\/Red-dot-1.png\"\n      alt=\"Red-dot-1\"\n      srcset=\"\"\n    class=\"w-6 h-6\">\n                    <span class=\"ml-4\">Secteur exclusif : vous disposez de votre propre zone g\u00e9ographique, sans aucune concurrence de la part d&#039;autres franchis\u00e9s Snap-on.<\/span>\n        <\/p>\n                      <p class=\"flex\">\n                      <img decoding=\"async\" src=\"https:\/\/snap-on.eu\/wp-content\/uploads\/2022\/11\/Red-dot-1.png\"\n      alt=\"Red-dot-1\"\n      srcset=\"\"\n    class=\"w-6 h-6\">\n                    <span class=\"ml-4\">Une marque iconique : Un outillage premium reconnu mondialement.<\/span>\n        <\/p>\n                      <p class=\"flex\">\n                      <img decoding=\"async\" src=\"https:\/\/snap-on.eu\/wp-content\/uploads\/2022\/11\/Red-dot-1.png\"\n      alt=\"Red-dot-1\"\n      srcset=\"\"\n    class=\"w-6 h-6\">\n                    <span class=\"ml-4\">Snap-on innove depuis 1920.<\/span>\n        <\/p>\n                      <p class=\"flex\">\n                      <img decoding=\"async\" src=\"https:\/\/snap-on.eu\/wp-content\/uploads\/2022\/11\/Red-dot-1.png\"\n      alt=\"Red-dot-1\"\n      srcset=\"\"\n    class=\"w-6 h-6\">\n                    <span class=\"ml-4\">Snap-on est une une marque reconnue dans le monde des techniciens professionnels.<\/span>\n        <\/p>\n                      <p class=\"flex\">\n                      <img decoding=\"async\" src=\"https:\/\/snap-on.eu\/wp-content\/uploads\/2022\/11\/Red-dot-1.png\"\n      alt=\"Red-dot-1\"\n      srcset=\"\"\n    class=\"w-6 h-6\">\n                    <span class=\"ml-4\">L&#039;outillage Snap-on se distingue par une qualit\u00e9 d&#039;excellence.<\/span>\n        <\/p>\n                      <p class=\"flex\">\n                      <img decoding=\"async\" src=\"https:\/\/snap-on.eu\/wp-content\/uploads\/2022\/11\/Red-dot-1.png\"\n      alt=\"Red-dot-1\"\n      srcset=\"\"\n    class=\"w-6 h-6\">\n                    <span class=\"ml-4\">Concept unique et \u00e9prouv\u00e9 : Votre magasin mobile est votre showroom roulant.<\/span>\n        <\/p>\n                      <p class=\"flex\">\n                      <img decoding=\"async\" src=\"https:\/\/snap-on.eu\/wp-content\/uploads\/2022\/11\/Red-dot-1.png\"\n      alt=\"Red-dot-1\"\n      srcset=\"\"\n    class=\"w-6 h-6\">\n                    <span class=\"ml-4\">Une libert\u00e9 totale : vous restez ma\u00eetre de votre agenda tout en tissant des liens \u00e9troits avec votre client\u00e8le.<\/span>\n        <\/p>\n          <\/div>\n    <p>Vous souhaitez d\u00e9couvrir par vous-m\u00eame l&#039;exp\u00e9rience d&#039;un entrepreneur ind\u00e9pendant au sein d&#039;un groupe mondial, port\u00e9 par l&#039;excellence de son outillage ? Contactez-nous d\u00e8s aujourd&#039;hui ! <\/p>\n      <a href=\"https:\/\/snap-on.eu\/contact\" target=\"\"\n  class=\"btn btn-primary py-4 px-[30px] \"\n  role=\"button\"  >\n  Neem contact op <img decoding=\"async\" class=\"w-3 ml-2\" src=\"https:\/\/snap-on.eu\/wp-content\/themes\/sna-snap-on-wp\/public\/images\/icons\/icon-arrow_right-white.026121.svg\" alt=\"\">\n<\/a>\n  \n  \n      <\/div>\n  <\/section>\n<section id=\"\"\n  class=\"block-issuu-iframe block-wrapper\n  my-8 md:my-12\n  flex justify-center !my-4 md:!my-6 xl:!my-12\"\n  style=\"\">\n      <div class=\"container \">\n      <iframe title=\"Issu Iframe Block\" src=\"https:\/\/issuu.com\/snap-on_tools_benelux\/docs\/snap-on_tools_capability_brochure?fr=xKAE9_zMzMw\" class=\"w-full max-w-[500px] aspect-[3\/4] sm:aspect-[740\/500]\"\n      allow=\"clipboard-write,allow-top-navigation,allow-top-navigation-by-user-activation,allow-downloads,allow-scripts,allow-same-origin,allow-popups,allow-modals,allow-popups-to-escape-sandbox,allow-forms\"\n      allowfullscreen=\"true\"><\/iframe>\n  \n  \n      <\/div>\n  <\/section>\n","protected":false},"excerpt":{"rendered":"","protected":false},"author":1,"featured_media":0,"parent":0,"menu_order":0,"comment_status":"closed","ping_status":"closed","template":"template-intro-page.blade.php","meta":{"_acf_changed":false,"inline_featured_image":false,"footnotes":""},"class_list":["post-6516","page","type-page","status-publish","hentry"],"acf":[],"yoast_head":"<!-- This site is optimized with the Yoast SEO Premium plugin v26.8 (Yoast SEO v26.8) - https:\/\/yoast.com\/product\/yoast-seo-premium-wordpress\/ -->\n<title>Devenez entrepreneur ind\u00e9pendant avec la franchise Snap-on<\/title>\n<meta name=\"description\" content=\"En tant que franchis\u00e9 Snap-on, vous \u00eates \u00e0 la fois un entrepreneur ind\u00e9pendant et l&#039;ambassadeur d&#039;une marque iconique, mondialement reconnue pour l&#039;excellence de son outillage.\" \/>\n<meta name=\"robots\" content=\"index, follow, max-snippet:-1, max-image-preview:large, max-video-preview:-1\" \/>\n<link rel=\"canonical\" href=\"https:\/\/snap-on.eu\/fr\/devenir-franchise\/\" \/>\n<meta property=\"og:locale\" content=\"fr_FR\" \/>\n<meta property=\"og:type\" content=\"article\" \/>\n<meta property=\"og:title\" content=\"Devenir franchis\u00e9\" \/>\n<meta property=\"og:description\" content=\"En tant que franchis\u00e9 Snap-on, vous \u00eates \u00e0 la fois un entrepreneur ind\u00e9pendant et l&#039;ambassadeur d&#039;une marque iconique, mondialement reconnue pour l&#039;excellence de son outillage.\" \/>\n<meta property=\"og:url\" content=\"https:\/\/snap-on.eu\/fr\/devenir-franchise\/\" \/>\n<meta property=\"og:site_name\" content=\"Snap-on\" \/>\n<meta property=\"article:publisher\" content=\"https:\/\/www.facebook.com\/Snapon.Benelux\" \/>\n<meta property=\"article:modified_time\" content=\"2026-01-23T19:17:41+00:00\" \/>\n<meta name=\"twitter:card\" content=\"summary_large_image\" \/>\n<meta name=\"twitter:site\" content=\"@SnaponBenelux\" \/>\n<script type=\"application\/ld+json\" class=\"yoast-schema-graph\">{\"@context\":\"https:\/\/schema.org\",\"@graph\":[{\"@type\":\"WebPage\",\"@id\":\"https:\/\/snap-on.eu\/fr\/devenir-franchise\/\",\"url\":\"https:\/\/snap-on.eu\/fr\/devenir-franchise\/\",\"name\":\"Devenez entrepreneur ind\u00e9pendant avec la franchise Snap-on\",\"isPartOf\":{\"@id\":\"https:\/\/snap-on.eu\/#website\"},\"datePublished\":\"2024-03-20T06:33:01+00:00\",\"dateModified\":\"2026-01-23T19:17:41+00:00\",\"description\":\"En tant que franchis\u00e9 Snap-on, vous \u00eates \u00e0 la fois un entrepreneur ind\u00e9pendant et l'ambassadeur d'une marque iconique, mondialement reconnue pour l'excellence de son outillage.\",\"breadcrumb\":{\"@id\":\"https:\/\/snap-on.eu\/fr\/devenir-franchise\/#breadcrumb\"},\"inLanguage\":\"fr-FR\",\"potentialAction\":[{\"@type\":\"ReadAction\",\"target\":[\"https:\/\/snap-on.eu\/fr\/devenir-franchise\/\"]}]},{\"@type\":\"BreadcrumbList\",\"@id\":\"https:\/\/snap-on.eu\/fr\/devenir-franchise\/#breadcrumb\",\"itemListElement\":[{\"@type\":\"ListItem\",\"position\":1,\"name\":\"Home\",\"item\":\"https:\/\/snap-on.eu\/fr\/\"},{\"@type\":\"ListItem\",\"position\":2,\"name\":\"Devenir franchis\u00e9\"}]},{\"@type\":\"WebSite\",\"@id\":\"https:\/\/snap-on.eu\/#website\",\"url\":\"https:\/\/snap-on.eu\/\",\"name\":\"Snap-on Tools Benelux\",\"description\":\"\",\"publisher\":{\"@id\":\"https:\/\/snap-on.eu\/#organization\"},\"potentialAction\":[{\"@type\":\"SearchAction\",\"target\":{\"@type\":\"EntryPoint\",\"urlTemplate\":\"https:\/\/snap-on.eu\/?s={search_term_string}\"},\"query-input\":{\"@type\":\"PropertyValueSpecification\",\"valueRequired\":true,\"valueName\":\"search_term_string\"}}],\"inLanguage\":\"fr-FR\"},{\"@type\":\"Organization\",\"@id\":\"https:\/\/snap-on.eu\/#organization\",\"name\":\"Snap-on Tools Benelux B.V.\",\"url\":\"https:\/\/snap-on.eu\/\",\"logo\":{\"@type\":\"ImageObject\",\"inLanguage\":\"fr-FR\",\"@id\":\"https:\/\/snap-on.eu\/#\/schema\/logo\/image\/\",\"url\":\"https:\/\/snap-on.eu\/wp-content\/uploads\/2025\/02\/Snap-on-Logo.png\",\"contentUrl\":\"https:\/\/snap-on.eu\/wp-content\/uploads\/2025\/02\/Snap-on-Logo.png\",\"width\":3840,\"height\":2160,\"caption\":\"Snap-on Tools Benelux B.V.\"},\"image\":{\"@id\":\"https:\/\/snap-on.eu\/#\/schema\/logo\/image\/\"},\"sameAs\":[\"https:\/\/www.facebook.com\/Snapon.Benelux\",\"https:\/\/x.com\/SnaponBenelux\"]}]}<\/script>\n<!-- \/ Yoast SEO Premium plugin. -->","yoast_head_json":{"title":"Devenez entrepreneur ind\u00e9pendant avec la franchise Snap-on","description":"En tant que franchis\u00e9 Snap-on, vous \u00eates \u00e0 la fois un entrepreneur ind\u00e9pendant et l'ambassadeur d'une marque iconique, mondialement reconnue pour l'excellence de son outillage.","robots":{"index":"index","follow":"follow","max-snippet":"max-snippet:-1","max-image-preview":"max-image-preview:large","max-video-preview":"max-video-preview:-1"},"canonical":"https:\/\/snap-on.eu\/fr\/devenir-franchise\/","og_locale":"fr_FR","og_type":"article","og_title":"Devenir franchis\u00e9","og_description":"En tant que franchis\u00e9 Snap-on, vous \u00eates \u00e0 la fois un entrepreneur ind\u00e9pendant et l'ambassadeur d'une marque iconique, mondialement reconnue pour l'excellence de son outillage.","og_url":"https:\/\/snap-on.eu\/fr\/devenir-franchise\/","og_site_name":"Snap-on","article_publisher":"https:\/\/www.facebook.com\/Snapon.Benelux","article_modified_time":"2026-01-23T19:17:41+00:00","twitter_card":"summary_large_image","twitter_site":"@SnaponBenelux","schema":{"@context":"https:\/\/schema.org","@graph":[{"@type":"WebPage","@id":"https:\/\/snap-on.eu\/fr\/devenir-franchise\/","url":"https:\/\/snap-on.eu\/fr\/devenir-franchise\/","name":"Devenez entrepreneur ind\u00e9pendant avec la franchise Snap-on","isPartOf":{"@id":"https:\/\/snap-on.eu\/#website"},"datePublished":"2024-03-20T06:33:01+00:00","dateModified":"2026-01-23T19:17:41+00:00","description":"En tant que franchis\u00e9 Snap-on, vous \u00eates \u00e0 la fois un entrepreneur ind\u00e9pendant et l'ambassadeur d'une marque iconique, mondialement reconnue pour l'excellence de son outillage.","breadcrumb":{"@id":"https:\/\/snap-on.eu\/fr\/devenir-franchise\/#breadcrumb"},"inLanguage":"fr-FR","potentialAction":[{"@type":"ReadAction","target":["https:\/\/snap-on.eu\/fr\/devenir-franchise\/"]}]},{"@type":"BreadcrumbList","@id":"https:\/\/snap-on.eu\/fr\/devenir-franchise\/#breadcrumb","itemListElement":[{"@type":"ListItem","position":1,"name":"Home","item":"https:\/\/snap-on.eu\/fr\/"},{"@type":"ListItem","position":2,"name":"Devenir franchis\u00e9"}]},{"@type":"WebSite","@id":"https:\/\/snap-on.eu\/#website","url":"https:\/\/snap-on.eu\/","name":"Snap-on Tools Benelux","description":"","publisher":{"@id":"https:\/\/snap-on.eu\/#organization"},"potentialAction":[{"@type":"SearchAction","target":{"@type":"EntryPoint","urlTemplate":"https:\/\/snap-on.eu\/?s={search_term_string}"},"query-input":{"@type":"PropertyValueSpecification","valueRequired":true,"valueName":"search_term_string"}}],"inLanguage":"fr-FR"},{"@type":"Organization","@id":"https:\/\/snap-on.eu\/#organization","name":"Snap-on Tools Benelux B.V.","url":"https:\/\/snap-on.eu\/","logo":{"@type":"ImageObject","inLanguage":"fr-FR","@id":"https:\/\/snap-on.eu\/#\/schema\/logo\/image\/","url":"https:\/\/snap-on.eu\/wp-content\/uploads\/2025\/02\/Snap-on-Logo.png","contentUrl":"https:\/\/snap-on.eu\/wp-content\/uploads\/2025\/02\/Snap-on-Logo.png","width":3840,"height":2160,"caption":"Snap-on Tools Benelux B.V."},"image":{"@id":"https:\/\/snap-on.eu\/#\/schema\/logo\/image\/"},"sameAs":["https:\/\/www.facebook.com\/Snapon.Benelux","https:\/\/x.com\/SnaponBenelux"]}]}},"_links":{"self":[{"href":"https:\/\/snap-on.eu\/fr\/wp-json\/wp\/v2\/pages\/6516","targetHints":{"allow":["GET"]}}],"collection":[{"href":"https:\/\/snap-on.eu\/fr\/wp-json\/wp\/v2\/pages"}],"about":[{"href":"https:\/\/snap-on.eu\/fr\/wp-json\/wp\/v2\/types\/page"}],"author":[{"embeddable":true,"href":"https:\/\/snap-on.eu\/fr\/wp-json\/wp\/v2\/users\/1"}],"replies":[{"embeddable":true,"href":"https:\/\/snap-on.eu\/fr\/wp-json\/wp\/v2\/comments?post=6516"}],"version-history":[{"count":3,"href":"https:\/\/snap-on.eu\/fr\/wp-json\/wp\/v2\/pages\/6516\/revisions"}],"predecessor-version":[{"id":6632,"href":"https:\/\/snap-on.eu\/fr\/wp-json\/wp\/v2\/pages\/6516\/revisions\/6632"}],"wp:attachment":[{"href":"https:\/\/snap-on.eu\/fr\/wp-json\/wp\/v2\/media?parent=6516"}],"curies":[{"name":"wp","href":"https:\/\/api.w.org\/{rel}","templated":true}]}}