{"id":6006,"date":"2025-12-04T04:30:45","date_gmt":"2025-12-04T03:30:45","guid":{"rendered":"https:\/\/snap-on.eu\/?page_id=6006"},"modified":"2025-12-05T07:58:24","modified_gmt":"2025-12-05T06:58:24","slug":"franchisee-app-conditions-dutilisation","status":"publish","type":"page","link":"https:\/\/snap-on.eu\/fr\/franchisee-app-conditions-dutilisation\/","title":{"rendered":"Franchisee App \u2013 Conditions d&rsquo;utilisation"},"content":{"rendered":"<section id=\"\"\n  class=\"block-text-container-cta block-wrapper\n  my-8 md:my-12\n  space-y-8\"\n  style=\"\">\n      <div class=\"container \">\n      <div class=\"wysiwyg text-anthracite-light dark:text-white\">\n    <p><em>Janvier 2026<\/em><\/p>\n<p>Les pr\u00e9sentes conditions d\u2019utilisation (\u00ab Conditions d\u2019utilisation \u00bb) d\u00e9crivent les conditions d\u2019utilisation de l\u2019application mobile (\u00ab App \u00bb) de Snap-on Tools BV (\u00ab Snap-on \u00bb). Pour toute question concernant l\u2019App ou les pr\u00e9sentes Conditions d\u2019utilisation, veuillez nous contacter \u00e0 l\u2019 adresse <a href=\"mailto:info@snap-on.eu\">info@snap-on.eu<\/a>.<\/p>\n<div class=\"hierarchical-list\">\n<ol>\n<li><div class=\"li-inner\"><strong>Applicabilit\u00e9<\/strong>\n<ol>\n<li><div class=\"li-inner\">Les pr\u00e9sentes conditions d\u2019utilisation s\u2019appliquent \u00e0 l\u2019utilisation (du contenu de) l\u2019application.<\/div><\/li>\n<li><div class=\"li-inner\">En utilisant l\u2019Application (y compris en la t\u00e9l\u00e9chargeant et en l\u2019installant), vous, en tant qu\u2019utilisateur de l\u2019Application (\u00ab Utilisateur \u00bb), acceptez les pr\u00e9sentes Conditions d\u2019utilisation.<\/div><\/li>\n<li><div class=\"li-inner\">Les conditions d\u2019utilisation peuvent \u00e9galement \u00eatre consult\u00e9es, t\u00e9l\u00e9charg\u00e9es, enregistr\u00e9es et imprim\u00e9es sur notre site web snap-on.eu.<\/div><\/li>\n<li><div class=\"li-inner\">Si l\u2019application utilise des services tiers, les conditions g\u00e9n\u00e9rales d\u2019utilisation, la politique de confidentialit\u00e9 et\/ou la politique relative aux cookies des tiers concern\u00e9s s\u2019appliquent \u00e9galement. Snap-on d\u00e9cline toute responsabilit\u00e9 quant aux services, conditions g\u00e9n\u00e9rales d\u2019utilisation et politiques de confidentialit\u00e9 et\/ou de cookies des tiers. En cas de conflit entre les pr\u00e9sentes conditions d\u2019utilisation et les conditions g\u00e9n\u00e9rales d\u2019utilisation, la politique de confidentialit\u00e9 et\/ou la politique relative aux cookies des tiers concern\u00e9s, les pr\u00e9sentes conditions d\u2019utilisation pr\u00e9valent.<\/div><\/li>\n<li><div class=\"li-inner\">Snap-on peut modifier les conditions d\u2019utilisation.<\/div><\/li>\n<\/ol>\n<\/div><\/li>\n<li><div class=\"li-inner\"><strong>Licence<\/strong>\n<ol>\n<li><div class=\"li-inner\">Snap-on accorde \u00e0 l\u2019Utilisateur une licence non exclusive, non sous-licenciable et non transf\u00e9rable pour utiliser l\u2019Application.<\/div><\/li>\n<li><div class=\"li-inner\">L\u2019Utilisateur ne peut pas mettre l\u2019Application \u00e0 la disposition de tiers, la vendre, la louer, la d\u00e9compiler, la d\u00e9sosser ou la modifier sans l\u2019accord pr\u00e9alable de Snap-on. Il ne peut pas non plus supprimer ou contourner les mesures techniques destin\u00e9es \u00e0 prot\u00e9ger l\u2019Application.<\/div><\/li>\n<li><div class=\"li-inner\">Snap-on se r\u00e9serve le droit \u00e0 tout moment de modifier l\u2019application, de changer ou de supprimer des informations, des donn\u00e9es ou tout autre contenu, de refuser \u00e0 l\u2019utilisateur l\u2019utilisation de l\u2019application en r\u00e9siliant la licence, de restreindre l\u2019utilisation de l\u2019application ou de refuser l\u2019acc\u00e8s \u00e0 l\u2019application en tout ou en partie, temporairement ou d\u00e9finitivement.<\/div><\/li>\n<li><div class=\"li-inner\">Snap-on peut proposer une mise \u00e0 jour de l\u2019application. Cette mise \u00e0 jour sera alors consid\u00e9r\u00e9e comme une application au sens des conditions d\u2019utilisation.<\/div><\/li>\n<\/ol>\n<\/div><\/li>\n<li><div class=\"li-inner\"><strong>Utilisation de l\u2019application<\/strong>\n<ol>\n<li><div class=\"li-inner\">L\u2019utilisation de l\u2019application se fait \u00e0 vos propres frais et risques.<\/div><\/li>\n<li><div class=\"li-inner\">L\u2019utilisation de l\u2019application \u00e0 des fins commerciales est interdite.<\/div><\/li>\n<li><div class=\"li-inner\">Pour utiliser l\u2019application, l\u2019utilisateur doit fournir \u00e0 ses propres frais l\u2019\u00e9quipement n\u00e9cessaire, le logiciel syst\u00e8me et la connexion (internet).<\/div><\/li>\n<\/ol>\n<\/div><\/li>\n<li><div class=\"li-inner\"><strong>droits de propri\u00e9t\u00e9 intellectuelle<\/strong>\n<ol>\n<li><div class=\"li-inner\">Tous les droits de propri\u00e9t\u00e9 intellectuelle et\/ou droits similaires sur (le contenu de) l\u2019App sont d\u00e9volus exclusivement \u00e0 Snap-on, \u00e0 ses conc\u00e9dants de licence ou \u00e0 l\u2019administrateur de l\u2019App.<\/div><\/li>\n<li><div class=\"li-inner\">L\u2019Utilisateur doit respecter en tout temps le nom et la r\u00e9putation de Snap-on et de ses soci\u00e9t\u00e9s membres affili\u00e9es et s\u2019assurer que son utilisation de l\u2019Application ne porte en aucun cas atteinte aux droits et\/ou \u00e0 la r\u00e9putation de Snap-on et de ses soci\u00e9t\u00e9s membres affili\u00e9es.<\/div><\/li>\n<\/ol>\n<\/div><\/li>\n<li><div class=\"li-inner\"><strong>Responsabilit\u00e9 et indemnisation<\/strong>\n<ol>\n<li><div class=\"li-inner\">Snap-on n\u2019est pas responsable, pour quelque raison que ce soit, des dommages r\u00e9sultant de et\/ou li\u00e9s \u00e0 l\u2019utilisation (du contenu de) l\u2019application.<\/div><\/li>\n<li><div class=\"li-inner\">Les informations, donn\u00e9es et autres contenus de l\u2019application ont \u00e9t\u00e9 compil\u00e9s avec soin. Snap-on ne peut garantir l\u2019exactitude, l\u2019actualit\u00e9 et l\u2019exhaustivit\u00e9 de ces informations, donn\u00e9es et autres contenus, y compris les textes juridiques provenant de sources publiques. Snap-on d\u00e9cline toute responsabilit\u00e9, de quelque nature que ce soit, pour les dommages r\u00e9sultant de l\u2019utilisation ou li\u00e9s aux informations, donn\u00e9es et autres contenus de l\u2019application.<\/div><\/li>\n<li><div class=\"li-inner\">Snap-on ne peut garantir la disponibilit\u00e9 permanente et sans interruption de l\u2019application, ni l\u2019absence d\u2019erreurs ou de d\u00e9fauts. Snap-on d\u00e9cline toute responsabilit\u00e9, pour quelque motif que ce soit, pour les dommages r\u00e9sultant de telles interruptions, erreurs ou d\u00e9fauts.<\/div><\/li>\n<li><div class=\"li-inner\">L\u2019Utilisateur garantit Snap-on contre toute r\u00e9clamation de tiers r\u00e9sultant de l\u2019utilisation (du contenu de) l\u2019Application. L\u2019Utilisateur indemnisera Snap-on de tous les dommages et frais (y compris, mais sans s\u2019y limiter, les frais judiciaires et extrajudiciaires) subis par Snap-on du fait de telles r\u00e9clamations.<\/div><\/li>\n<\/ol>\n<\/div><\/li>\n<li><div class=\"li-inner\"><strong>Terminaison<\/strong>\n<ol>\n<li><div class=\"li-inner\">L\u2019Utilisateur peut \u00e0 tout moment cesser d\u2019utiliser l\u2019Application en la supprimant ou en la d\u00e9sinstallant de son appareil mobile.<\/div><\/li>\n<li><div class=\"li-inner\">Snap-on peut (sans pr\u00e9avis) rendre l\u2019application temporairement ou d\u00e9finitivement indisponible \u00e0 l\u2019utilisateur ou aux utilisateurs, ou interrompre l\u2019application, sans que l\u2019utilisateur ou les utilisateurs puissent en tirer des droits.<\/div><\/li>\n<\/ol>\n<\/div><\/li>\n<li><div class=\"li-inner\"><strong>Droit applicable, r\u00e9solution des litiges<\/strong>\n<ol>\n<li><div class=\"li-inner\">Les pr\u00e9sentes conditions d\u2019utilisation sont r\u00e9gies par le droit n\u00e9erlandais.<\/div><\/li>\n<li><div class=\"li-inner\">Tout litige d\u00e9coulant de l\u2019utilisation de l\u2019application ou s\u2019y rapportant rel\u00e8ve de la comp\u00e9tence exclusive des tribunaux n\u00e9erlandais comp\u00e9tents.<\/div><\/li>\n<\/ol>\n<\/div><\/li>\n<\/ol>\n<p><\/p><\/div>\n\n  <\/div>\n  \n  \n      <\/div>\n  <\/section>\n","protected":false},"excerpt":{"rendered":"","protected":false},"author":1,"featured_media":0,"parent":0,"menu_order":0,"comment_status":"closed","ping_status":"closed","template":"","meta":{"_acf_changed":false,"inline_featured_image":false,"footnotes":""},"class_list":["post-6006","page","type-page","status-publish","hentry"],"acf":[],"yoast_head":"<!-- This site is optimized with the Yoast SEO Premium plugin v26.8 (Yoast SEO v26.8) - https:\/\/yoast.com\/product\/yoast-seo-premium-wordpress\/ -->\n<title>Franchisee App \u2013 Conditions d&#039;utilisation - Snap-on<\/title>\n<meta name=\"robots\" content=\"index, follow, max-snippet:-1, max-image-preview:large, max-video-preview:-1\" \/>\n<link rel=\"canonical\" href=\"https:\/\/snap-on.eu\/fr\/franchisee-app-conditions-dutilisation\/\" \/>\n<meta property=\"og:locale\" content=\"fr_FR\" \/>\n<meta property=\"og:type\" content=\"article\" \/>\n<meta property=\"og:title\" content=\"Franchisee App \u2013 Conditions d&#039;utilisation\" \/>\n<meta property=\"og:url\" content=\"https:\/\/snap-on.eu\/fr\/franchisee-app-conditions-dutilisation\/\" \/>\n<meta property=\"og:site_name\" content=\"Snap-on\" \/>\n<meta property=\"article:publisher\" content=\"https:\/\/www.facebook.com\/Snapon.Benelux\" \/>\n<meta property=\"article:modified_time\" content=\"2025-12-05T06:58:24+00:00\" \/>\n<meta name=\"twitter:card\" content=\"summary_large_image\" \/>\n<meta name=\"twitter:site\" content=\"@SnaponBenelux\" \/>\n<script type=\"application\/ld+json\" class=\"yoast-schema-graph\">{\"@context\":\"https:\/\/schema.org\",\"@graph\":[{\"@type\":\"WebPage\",\"@id\":\"https:\/\/snap-on.eu\/fr\/franchisee-app-conditions-dutilisation\/\",\"url\":\"https:\/\/snap-on.eu\/fr\/franchisee-app-conditions-dutilisation\/\",\"name\":\"Franchisee App \u2013 Conditions d'utilisation - Snap-on\",\"isPartOf\":{\"@id\":\"https:\/\/snap-on.eu\/#website\"},\"datePublished\":\"2025-12-04T03:30:45+00:00\",\"dateModified\":\"2025-12-05T06:58:24+00:00\",\"breadcrumb\":{\"@id\":\"https:\/\/snap-on.eu\/fr\/franchisee-app-conditions-dutilisation\/#breadcrumb\"},\"inLanguage\":\"fr-FR\",\"potentialAction\":[{\"@type\":\"ReadAction\",\"target\":[\"https:\/\/snap-on.eu\/fr\/franchisee-app-conditions-dutilisation\/\"]}]},{\"@type\":\"BreadcrumbList\",\"@id\":\"https:\/\/snap-on.eu\/fr\/franchisee-app-conditions-dutilisation\/#breadcrumb\",\"itemListElement\":[{\"@type\":\"ListItem\",\"position\":1,\"name\":\"Home\",\"item\":\"https:\/\/snap-on.eu\/fr\/\"},{\"@type\":\"ListItem\",\"position\":2,\"name\":\"Franchisee App \u2013 Conditions d&#8217;utilisation\"}]},{\"@type\":\"WebSite\",\"@id\":\"https:\/\/snap-on.eu\/#website\",\"url\":\"https:\/\/snap-on.eu\/\",\"name\":\"Snap-on Tools Benelux\",\"description\":\"\",\"publisher\":{\"@id\":\"https:\/\/snap-on.eu\/#organization\"},\"potentialAction\":[{\"@type\":\"SearchAction\",\"target\":{\"@type\":\"EntryPoint\",\"urlTemplate\":\"https:\/\/snap-on.eu\/?s={search_term_string}\"},\"query-input\":{\"@type\":\"PropertyValueSpecification\",\"valueRequired\":true,\"valueName\":\"search_term_string\"}}],\"inLanguage\":\"fr-FR\"},{\"@type\":\"Organization\",\"@id\":\"https:\/\/snap-on.eu\/#organization\",\"name\":\"Snap-on Tools Benelux B.V.\",\"url\":\"https:\/\/snap-on.eu\/\",\"logo\":{\"@type\":\"ImageObject\",\"inLanguage\":\"fr-FR\",\"@id\":\"https:\/\/snap-on.eu\/#\/schema\/logo\/image\/\",\"url\":\"https:\/\/snap-on.eu\/wp-content\/uploads\/2025\/02\/Snap-on-Logo.png\",\"contentUrl\":\"https:\/\/snap-on.eu\/wp-content\/uploads\/2025\/02\/Snap-on-Logo.png\",\"width\":3840,\"height\":2160,\"caption\":\"Snap-on Tools Benelux B.V.\"},\"image\":{\"@id\":\"https:\/\/snap-on.eu\/#\/schema\/logo\/image\/\"},\"sameAs\":[\"https:\/\/www.facebook.com\/Snapon.Benelux\",\"https:\/\/x.com\/SnaponBenelux\"]}]}<\/script>\n<!-- \/ Yoast SEO Premium plugin. -->","yoast_head_json":{"title":"Franchisee App \u2013 Conditions d'utilisation - Snap-on","robots":{"index":"index","follow":"follow","max-snippet":"max-snippet:-1","max-image-preview":"max-image-preview:large","max-video-preview":"max-video-preview:-1"},"canonical":"https:\/\/snap-on.eu\/fr\/franchisee-app-conditions-dutilisation\/","og_locale":"fr_FR","og_type":"article","og_title":"Franchisee App \u2013 Conditions d'utilisation","og_url":"https:\/\/snap-on.eu\/fr\/franchisee-app-conditions-dutilisation\/","og_site_name":"Snap-on","article_publisher":"https:\/\/www.facebook.com\/Snapon.Benelux","article_modified_time":"2025-12-05T06:58:24+00:00","twitter_card":"summary_large_image","twitter_site":"@SnaponBenelux","schema":{"@context":"https:\/\/schema.org","@graph":[{"@type":"WebPage","@id":"https:\/\/snap-on.eu\/fr\/franchisee-app-conditions-dutilisation\/","url":"https:\/\/snap-on.eu\/fr\/franchisee-app-conditions-dutilisation\/","name":"Franchisee App \u2013 Conditions d'utilisation - Snap-on","isPartOf":{"@id":"https:\/\/snap-on.eu\/#website"},"datePublished":"2025-12-04T03:30:45+00:00","dateModified":"2025-12-05T06:58:24+00:00","breadcrumb":{"@id":"https:\/\/snap-on.eu\/fr\/franchisee-app-conditions-dutilisation\/#breadcrumb"},"inLanguage":"fr-FR","potentialAction":[{"@type":"ReadAction","target":["https:\/\/snap-on.eu\/fr\/franchisee-app-conditions-dutilisation\/"]}]},{"@type":"BreadcrumbList","@id":"https:\/\/snap-on.eu\/fr\/franchisee-app-conditions-dutilisation\/#breadcrumb","itemListElement":[{"@type":"ListItem","position":1,"name":"Home","item":"https:\/\/snap-on.eu\/fr\/"},{"@type":"ListItem","position":2,"name":"Franchisee App \u2013 Conditions d&#8217;utilisation"}]},{"@type":"WebSite","@id":"https:\/\/snap-on.eu\/#website","url":"https:\/\/snap-on.eu\/","name":"Snap-on Tools Benelux","description":"","publisher":{"@id":"https:\/\/snap-on.eu\/#organization"},"potentialAction":[{"@type":"SearchAction","target":{"@type":"EntryPoint","urlTemplate":"https:\/\/snap-on.eu\/?s={search_term_string}"},"query-input":{"@type":"PropertyValueSpecification","valueRequired":true,"valueName":"search_term_string"}}],"inLanguage":"fr-FR"},{"@type":"Organization","@id":"https:\/\/snap-on.eu\/#organization","name":"Snap-on Tools Benelux B.V.","url":"https:\/\/snap-on.eu\/","logo":{"@type":"ImageObject","inLanguage":"fr-FR","@id":"https:\/\/snap-on.eu\/#\/schema\/logo\/image\/","url":"https:\/\/snap-on.eu\/wp-content\/uploads\/2025\/02\/Snap-on-Logo.png","contentUrl":"https:\/\/snap-on.eu\/wp-content\/uploads\/2025\/02\/Snap-on-Logo.png","width":3840,"height":2160,"caption":"Snap-on Tools Benelux B.V."},"image":{"@id":"https:\/\/snap-on.eu\/#\/schema\/logo\/image\/"},"sameAs":["https:\/\/www.facebook.com\/Snapon.Benelux","https:\/\/x.com\/SnaponBenelux"]}]}},"_links":{"self":[{"href":"https:\/\/snap-on.eu\/fr\/wp-json\/wp\/v2\/pages\/6006","targetHints":{"allow":["GET"]}}],"collection":[{"href":"https:\/\/snap-on.eu\/fr\/wp-json\/wp\/v2\/pages"}],"about":[{"href":"https:\/\/snap-on.eu\/fr\/wp-json\/wp\/v2\/types\/page"}],"author":[{"embeddable":true,"href":"https:\/\/snap-on.eu\/fr\/wp-json\/wp\/v2\/users\/1"}],"replies":[{"embeddable":true,"href":"https:\/\/snap-on.eu\/fr\/wp-json\/wp\/v2\/comments?post=6006"}],"version-history":[{"count":2,"href":"https:\/\/snap-on.eu\/fr\/wp-json\/wp\/v2\/pages\/6006\/revisions"}],"predecessor-version":[{"id":6011,"href":"https:\/\/snap-on.eu\/fr\/wp-json\/wp\/v2\/pages\/6006\/revisions\/6011"}],"wp:attachment":[{"href":"https:\/\/snap-on.eu\/fr\/wp-json\/wp\/v2\/media?parent=6006"}],"curies":[{"name":"wp","href":"https:\/\/api.w.org\/{rel}","templated":true}]}}