{"id":4760,"date":"2024-09-24T12:39:28","date_gmt":"2024-09-24T10:39:28","guid":{"rendered":"https:\/\/snap-on.eu\/service-dassistance\/"},"modified":"2025-11-03T07:05:55","modified_gmt":"2025-11-03T06:05:55","slug":"service-dassistance","status":"publish","type":"page","link":"https:\/\/snap-on.eu\/fr\/service-dassistance\/","title":{"rendered":"Service d&rsquo;assistance"},"content":{"rendered":"<section id=\"\"\n  class=\"block-text-container-cta block-wrapper\n  my-8 md:my-12\n  space-y-8\"\n  style=\"\">\n      <div class=\"container \">\n      <div class=\"wysiwyg text-anthracite-light dark:text-white\">\n    <p><!-- wp:heading {\"level\":3} --><\/p>\n<h3 class=\"wp-block-heading\">Centre EuroTech<\/h3>\n<p><!-- \/wp:heading --><!-- wp:paragraph -->Comme les voitures embarquent de plus en plus d\u2019\u00e9lectronique, que les syst\u00e8mes deviennent plus complexes et que les relations \u00e9lectroniques internes sont plus difficiles \u00e0 \u00e9tablir, il faut disposer de beaucoup de connaissances pour entretenir les v\u00e9hicules ou poser un diagnostic rapide et efficace en cas de panne. EuroTech Center vous aide de plusieurs mani\u00e8res \u00e0 appliquer ou \u00e0 maintenir ces connaissances. Nous le faisons notamment en dispensant des formations, en r\u00e9digeant des manuels techniques, mais aussi en vous accompagnant directement sur le lieu de travail avec des informations, de l\u2019exp\u00e9rience et des conseils.  <\/p>\n<p><!-- \/wp:paragraph --><!-- wp:paragraph -->Lorsque vous appelez EuroTech Center, vous pouvez compter sur une source de connaissances dans le domaine automobile. EuroTech Center assiste ses clients aux Pays-Bas, en Belgique, en Allemagne, en Autriche, en Suisse et en Angleterre. Nous coop\u00e9rons avec des TechCenters dans le monde entier et b\u00e9n\u00e9ficions de l&rsquo;exp\u00e9rience de milliers de techniciens automobiles qualifi\u00e9s. 85% des personnes qui appellent notre service d&rsquo;assistance trouvent une r\u00e9ponse dans notre base de donn\u00e9es existante. Pour les 15 % restants, nous sommes votre partenaire pour trouver la solution, sans vous faire perdre un temps pr\u00e9cieux.    <\/p>\n<p><!-- \/wp:paragraph --><\/p>\n\n  <\/div>\n  \n  \n      <\/div>\n  <\/section>\n","protected":false},"excerpt":{"rendered":"","protected":false},"author":1,"featured_media":0,"parent":0,"menu_order":0,"comment_status":"closed","ping_status":"closed","template":"template-intro-page.blade.php","meta":{"_acf_changed":false,"inline_featured_image":false,"footnotes":""},"class_list":["post-4760","page","type-page","status-publish","hentry"],"acf":[],"yoast_head":"<!-- This site is optimized with the Yoast SEO Premium plugin v26.8 (Yoast SEO v26.8) - https:\/\/yoast.com\/product\/yoast-seo-premium-wordpress\/ -->\n<title>Service d&#039;assistance - Snap-on<\/title>\n<meta name=\"robots\" content=\"index, follow, max-snippet:-1, max-image-preview:large, max-video-preview:-1\" \/>\n<link rel=\"canonical\" href=\"https:\/\/snap-on.eu\/fr\/service-dassistance\/\" \/>\n<meta property=\"og:locale\" content=\"fr_FR\" \/>\n<meta property=\"og:type\" content=\"article\" \/>\n<meta property=\"og:title\" content=\"Service d&#039;assistance\" \/>\n<meta property=\"og:url\" content=\"https:\/\/snap-on.eu\/fr\/service-dassistance\/\" \/>\n<meta property=\"og:site_name\" content=\"Snap-on\" \/>\n<meta property=\"article:publisher\" content=\"https:\/\/www.facebook.com\/Snapon.Benelux\" \/>\n<meta property=\"article:modified_time\" content=\"2025-11-03T06:05:55+00:00\" \/>\n<meta name=\"twitter:card\" content=\"summary_large_image\" \/>\n<meta name=\"twitter:site\" content=\"@SnaponBenelux\" \/>\n<script type=\"application\/ld+json\" class=\"yoast-schema-graph\">{\"@context\":\"https:\/\/schema.org\",\"@graph\":[{\"@type\":\"WebPage\",\"@id\":\"https:\/\/snap-on.eu\/fr\/service-dassistance\/\",\"url\":\"https:\/\/snap-on.eu\/fr\/service-dassistance\/\",\"name\":\"Service d'assistance - Snap-on\",\"isPartOf\":{\"@id\":\"https:\/\/snap-on.eu\/#website\"},\"datePublished\":\"2024-09-24T10:39:28+00:00\",\"dateModified\":\"2025-11-03T06:05:55+00:00\",\"breadcrumb\":{\"@id\":\"https:\/\/snap-on.eu\/fr\/service-dassistance\/#breadcrumb\"},\"inLanguage\":\"fr-FR\",\"potentialAction\":[{\"@type\":\"ReadAction\",\"target\":[\"https:\/\/snap-on.eu\/fr\/service-dassistance\/\"]}]},{\"@type\":\"BreadcrumbList\",\"@id\":\"https:\/\/snap-on.eu\/fr\/service-dassistance\/#breadcrumb\",\"itemListElement\":[{\"@type\":\"ListItem\",\"position\":1,\"name\":\"Home\",\"item\":\"https:\/\/snap-on.eu\/fr\/\"},{\"@type\":\"ListItem\",\"position\":2,\"name\":\"Service d&#8217;assistance\"}]},{\"@type\":\"WebSite\",\"@id\":\"https:\/\/snap-on.eu\/#website\",\"url\":\"https:\/\/snap-on.eu\/\",\"name\":\"Snap-on Tools Benelux\",\"description\":\"\",\"publisher\":{\"@id\":\"https:\/\/snap-on.eu\/#organization\"},\"potentialAction\":[{\"@type\":\"SearchAction\",\"target\":{\"@type\":\"EntryPoint\",\"urlTemplate\":\"https:\/\/snap-on.eu\/?s={search_term_string}\"},\"query-input\":{\"@type\":\"PropertyValueSpecification\",\"valueRequired\":true,\"valueName\":\"search_term_string\"}}],\"inLanguage\":\"fr-FR\"},{\"@type\":\"Organization\",\"@id\":\"https:\/\/snap-on.eu\/#organization\",\"name\":\"Snap-on Tools Benelux B.V.\",\"url\":\"https:\/\/snap-on.eu\/\",\"logo\":{\"@type\":\"ImageObject\",\"inLanguage\":\"fr-FR\",\"@id\":\"https:\/\/snap-on.eu\/#\/schema\/logo\/image\/\",\"url\":\"https:\/\/snap-on.eu\/wp-content\/uploads\/2025\/02\/Snap-on-Logo.png\",\"contentUrl\":\"https:\/\/snap-on.eu\/wp-content\/uploads\/2025\/02\/Snap-on-Logo.png\",\"width\":3840,\"height\":2160,\"caption\":\"Snap-on Tools Benelux B.V.\"},\"image\":{\"@id\":\"https:\/\/snap-on.eu\/#\/schema\/logo\/image\/\"},\"sameAs\":[\"https:\/\/www.facebook.com\/Snapon.Benelux\",\"https:\/\/x.com\/SnaponBenelux\"]}]}<\/script>\n<!-- \/ Yoast SEO Premium plugin. -->","yoast_head_json":{"title":"Service d'assistance - Snap-on","robots":{"index":"index","follow":"follow","max-snippet":"max-snippet:-1","max-image-preview":"max-image-preview:large","max-video-preview":"max-video-preview:-1"},"canonical":"https:\/\/snap-on.eu\/fr\/service-dassistance\/","og_locale":"fr_FR","og_type":"article","og_title":"Service d'assistance","og_url":"https:\/\/snap-on.eu\/fr\/service-dassistance\/","og_site_name":"Snap-on","article_publisher":"https:\/\/www.facebook.com\/Snapon.Benelux","article_modified_time":"2025-11-03T06:05:55+00:00","twitter_card":"summary_large_image","twitter_site":"@SnaponBenelux","schema":{"@context":"https:\/\/schema.org","@graph":[{"@type":"WebPage","@id":"https:\/\/snap-on.eu\/fr\/service-dassistance\/","url":"https:\/\/snap-on.eu\/fr\/service-dassistance\/","name":"Service d'assistance - Snap-on","isPartOf":{"@id":"https:\/\/snap-on.eu\/#website"},"datePublished":"2024-09-24T10:39:28+00:00","dateModified":"2025-11-03T06:05:55+00:00","breadcrumb":{"@id":"https:\/\/snap-on.eu\/fr\/service-dassistance\/#breadcrumb"},"inLanguage":"fr-FR","potentialAction":[{"@type":"ReadAction","target":["https:\/\/snap-on.eu\/fr\/service-dassistance\/"]}]},{"@type":"BreadcrumbList","@id":"https:\/\/snap-on.eu\/fr\/service-dassistance\/#breadcrumb","itemListElement":[{"@type":"ListItem","position":1,"name":"Home","item":"https:\/\/snap-on.eu\/fr\/"},{"@type":"ListItem","position":2,"name":"Service d&#8217;assistance"}]},{"@type":"WebSite","@id":"https:\/\/snap-on.eu\/#website","url":"https:\/\/snap-on.eu\/","name":"Snap-on Tools Benelux","description":"","publisher":{"@id":"https:\/\/snap-on.eu\/#organization"},"potentialAction":[{"@type":"SearchAction","target":{"@type":"EntryPoint","urlTemplate":"https:\/\/snap-on.eu\/?s={search_term_string}"},"query-input":{"@type":"PropertyValueSpecification","valueRequired":true,"valueName":"search_term_string"}}],"inLanguage":"fr-FR"},{"@type":"Organization","@id":"https:\/\/snap-on.eu\/#organization","name":"Snap-on Tools Benelux B.V.","url":"https:\/\/snap-on.eu\/","logo":{"@type":"ImageObject","inLanguage":"fr-FR","@id":"https:\/\/snap-on.eu\/#\/schema\/logo\/image\/","url":"https:\/\/snap-on.eu\/wp-content\/uploads\/2025\/02\/Snap-on-Logo.png","contentUrl":"https:\/\/snap-on.eu\/wp-content\/uploads\/2025\/02\/Snap-on-Logo.png","width":3840,"height":2160,"caption":"Snap-on Tools Benelux B.V."},"image":{"@id":"https:\/\/snap-on.eu\/#\/schema\/logo\/image\/"},"sameAs":["https:\/\/www.facebook.com\/Snapon.Benelux","https:\/\/x.com\/SnaponBenelux"]}]}},"_links":{"self":[{"href":"https:\/\/snap-on.eu\/fr\/wp-json\/wp\/v2\/pages\/4760","targetHints":{"allow":["GET"]}}],"collection":[{"href":"https:\/\/snap-on.eu\/fr\/wp-json\/wp\/v2\/pages"}],"about":[{"href":"https:\/\/snap-on.eu\/fr\/wp-json\/wp\/v2\/types\/page"}],"author":[{"embeddable":true,"href":"https:\/\/snap-on.eu\/fr\/wp-json\/wp\/v2\/users\/1"}],"replies":[{"embeddable":true,"href":"https:\/\/snap-on.eu\/fr\/wp-json\/wp\/v2\/comments?post=4760"}],"version-history":[{"count":1,"href":"https:\/\/snap-on.eu\/fr\/wp-json\/wp\/v2\/pages\/4760\/revisions"}],"predecessor-version":[{"id":4761,"href":"https:\/\/snap-on.eu\/fr\/wp-json\/wp\/v2\/pages\/4760\/revisions\/4761"}],"wp:attachment":[{"href":"https:\/\/snap-on.eu\/fr\/wp-json\/wp\/v2\/media?parent=4760"}],"curies":[{"name":"wp","href":"https:\/\/api.w.org\/{rel}","templated":true}]}}