{"id":2852,"date":"2024-10-08T08:15:17","date_gmt":"2024-10-08T06:15:17","guid":{"rendered":"https:\/\/snap-on.eu\/?page_id=2852"},"modified":"2025-01-09T13:27:34","modified_gmt":"2025-01-09T11:27:34","slug":"declaration-de-confidentialite","status":"publish","type":"page","link":"https:\/\/snap-on.eu\/fr\/declaration-de-confidentialite\/","title":{"rendered":"D\u00e9claration de confidentialit\u00e9"},"content":{"rendered":"<section id=\"\"\n  class=\"block-text-container-cta block-wrapper\n  my-8 md:my-12\n  space-y-8\"\n  style=\"\">\n      <div class=\"container \">\n      <div class=\"wysiwyg text-anthracite-light dark:text-white\">\n    <p>La pr\u00e9sente est la d\u00e9claration de protection de la vie priv\u00e9e de Snap-on Tools B.V. (\u00ab\u00a0Snap-on\u00a0\u00bb ou \u00ab\u00a0nous\u00a0\u00bb). Nous faisons partie du groupe Snap-on Incorporated qui traite vos donn\u00e9es \u00e0 caract\u00e8re personnel. Dans cette d\u00e9claration de protection de la vie priv\u00e9e, nous vous informons sur les types de donn\u00e9es \u00e0 caract\u00e8re personnel que nous collectons et sur la mani\u00e8re dont nous traitons lesdites donn\u00e9es.<\/p>\n<p><strong>Coordonn\u00e9es<\/strong><\/p>\n<p>Snap-on est le responsable du traitement en ce qui concerne le traitement des donn\u00e9es \u00e0 caract\u00e8re personnel d\u00e9crites dans la pr\u00e9sente d\u00e9claration de protection de la vie priv\u00e9e. Nos coordonn\u00e9es sont les suivantes:<\/p>\n<p>Snap-on Tools B.V.<br \/>\nTrompet 2100<br \/>\n1967 DC Heemskerk<br \/>\nPays-Bas<\/p>\n<p>Si vous avez des questions ou des commentaires sur cette d\u00e9claration de protection de la vie priv\u00e9e, vous pouvez nous contacter par courriel \u00e0 info@snap-on.eu ou par la poste \u00e0 l\u2019adresse ci-dessus.<\/p>\n<p><strong>Quelles sont les donn\u00e9es \u00e0 caract\u00e8re personnel trait\u00e9es par Snap-on et dans quel but?<\/strong><\/p>\n<p>Snap-on collecte et traite vos donn\u00e9es \u00e0 caract\u00e8re personnel de la mani\u00e8re d\u00e9crite ci-dessous.<\/p>\n<p><em>Clients et fournisseurs<\/em><\/p>\n<p>Pour les livraisons et les commandes ou la prestation de services, nous traitons les donn\u00e9es \u00e0 caract\u00e8re personnel suivantes des clients (y compris, le cas \u00e9ch\u00e9ant, des clients de nos franchis\u00e9s) et fournisseurs :<\/p>\n<ul>\n<li>le nom, les coordonn\u00e9es et le nom de la soci\u00e9t\u00e9\u00a0;<\/li>\n<li>les donn\u00e9es financi\u00e8res (le cas \u00e9ch\u00e9ant) (telles que le num\u00e9ro de compte bancaire)\u00a0;<\/li>\n<li>les donn\u00e9es en vue d\u2019effectuer des livraisons et des commandes ou de fournir des services\u00a0;<\/li>\n<li>les donn\u00e9es n\u00e9cessaires au calcul et \u00e0 l\u2019enregistrement des recettes et des d\u00e9penses, aux paiements et au recouvrement des cr\u00e9ances\u00a0;<\/li>\n<li>les donn\u00e9es n\u00e9cessaires au maintien des contacts\u00a0; et<\/li>\n<li>d\u2019autres donn\u00e9es dont le traitement est requis ou n\u00e9cessaire pour l\u2019application des lois et r\u00e8glements.<\/li>\n<\/ul>\n<p>Nous traitons ces donn\u00e9es \u00e0 caract\u00e8re personnel sur la base des principes suivants aux fins d\u00e9crites ci-dessous.<\/p>\n<p><img loading=\"lazy\" decoding=\"async\" class=\"alignnone wp-image-2854 size-full\" src=\"https:\/\/snap-on.eu\/wp-content\/uploads\/2025\/01\/Snap-on-Objectifs-et-fondements-1.jpg\" alt=\"Snap-on Objectifs et fondements\" width=\"600\" height=\"303\" srcset=\"https:\/\/snap-on.eu\/wp-content\/uploads\/2025\/01\/Snap-on-Objectifs-et-fondements-1.jpg 600w, https:\/\/snap-on.eu\/wp-content\/uploads\/2025\/01\/Snap-on-Objectifs-et-fondements-1-300x152.jpg 300w\" sizes=\"auto, (max-width: 600px) 100vw, 600px\" \/><\/p>\n<p><em>Vid\u00e9o-surveillance<\/em><\/p>\n<p>Nous utilisons des cam\u00e9ras de surveillance. Lors de la visite de notre b\u00e2timent ou si vous \u00eates autour de celui-ci, des enregistrements vous concernant peuvent \u00eatre effectu\u00e9s. Nous traitons vos donn\u00e9es \u00e0 caract\u00e8re personnel dans de tels enregistrements en raison de notre int\u00e9r\u00eat l\u00e9gitime pour la protection et la s\u00e9curit\u00e9 de nos visiteurs, employ\u00e9s, b\u00e2timents, terrains, propri\u00e9t\u00e9s et autres questions ainsi que pour l\u2019enregistrement des incidents.<\/p>\n<p><em>Bulletins d\u2019information<\/em><\/p>\n<p>Nous vous proposons un bulletin d\u2019information afin que vous puissiez rester inform\u00e9 des mises \u00e0 jour sur Snap-on (ainsi que sur le revendeur Snap-on dont vous \u00eates client). Lorsque vous vous abonnez au bulletin d\u2019information, nous collectons votre adresse \u00e9lectronique, votre revendeur Snap-on et le type de votre entreprise. Vous pouvez vous d\u00e9sabonner du bulletin d\u2019information \u00e0 tout moment via un lien dans le bulletin en question. Si vous vous d\u00e9sabonnez, nous vous retirerons de la liste de diffusion. Vos coordonn\u00e9es seront partag\u00e9es avec les parties qui envoient des bulletins d\u2019information de Snap-on. Nous avons conclu des accords avec ces parties pour prot\u00e9ger votre vie priv\u00e9e.<\/p>\n<p>Snap-on traite vos donn\u00e9es \u00e0 caract\u00e8re personnel dans le cadre du bulletin d\u2019information sur la base de votre consentement. Vous pouvez r\u00e9voquer ce consentement \u00e0 tout moment en cliquant sur le bouton de d\u00e9sabonnement dans chaque bulletin d\u2019information. Toutefois, tout retrait de votre consentement est sans pr\u00e9judice de la lic\u00e9it\u00e9 du traitement de vos donn\u00e9es \u00e0 caract\u00e8re personnel qui a eu lieu avant le retrait de votre consentement.<\/p>\n<p><em>Candidats \u00e0 un poste<\/em><\/p>\n<p>Si vous postulez chez nous, nous traiterons votre nom, vos coordonn\u00e9es, les d\u00e9tails de votre candidature et d\u2019autres donn\u00e9es que vous nous avez fournies sur la base des principes suivants aux fins d\u00e9crites ci-dessous.<\/p>\n<p><img loading=\"lazy\" decoding=\"async\" class=\"alignnone wp-image-2858 size-full\" src=\"https:\/\/snap-on.eu\/wp-content\/uploads\/2025\/01\/Snap-on-Objectifs-et-fondements-2.png\" alt=\"Snap-on Objectifs et fondements\" width=\"600\" height=\"176\" srcset=\"https:\/\/snap-on.eu\/wp-content\/uploads\/2025\/01\/Snap-on-Objectifs-et-fondements-2.png 600w, https:\/\/snap-on.eu\/wp-content\/uploads\/2025\/01\/Snap-on-Objectifs-et-fondements-2-300x88.png 300w\" sizes=\"auto, (max-width: 600px) 100vw, 600px\" \/><\/p>\n<p><strong>Cookies<\/strong><\/p>\n<p>Les cookies sont de petits fichiers texte qui sont plac\u00e9s sur l\u2019ordinateur ou sur tous les autres p\u00e9riph\u00e9riques (tels que les smartphones ou les tablettes) d\u2019un visiteur lorsqu\u2019il visite un site Internet. Les cookies contiennent des donn\u00e9es qui peuvent \u00eatre lues par la partie qui a plac\u00e9 le cookie. Il peut s\u2019agir de l\u2019administrateur du site Internet lui-m\u00eame (cookies dits de premi\u00e8re partie), mais aussi de tiers (cookies dits de tiers). Des techniques similaires incluent les JavaScripts, les cookies Flash, le stockage local HTML5, les balises Internet et toute autre technique qui place et\/ou lit des donn\u00e9es.<\/p>\n<p>Snap-on utilise des cookies analytiques pour obtenir des informations sur la qualit\u00e9 et\/ou l\u2019efficacit\u00e9 du site Internet. Snap-on utilise en l\u2019occurrence Google Analytics. Les informations obtenues seront transf\u00e9r\u00e9es et stock\u00e9es par Google sur les serveurs de Google aux \u00c9tats-Unis. Google est membre du cadre de protection de la vie priv\u00e9e UE-\u00c9tats-Unis (EU-U.S. Privacy Shield Framework). Google est susceptible de fournir les informations obtenues \u00e0 des tiers si Google y est l\u00e9galement oblig\u00e9e ou dans la mesure o\u00f9 ces tiers traitent ces informations pour le compte de Google. Vous trouverez de plus amples informations dans la politique de protection de la vie priv\u00e9e de Google (https:\/\/www.google.com\/intl\/fr\/policies\/privacy\/) et dans la politique de protection de la vie priv\u00e9e sp\u00e9cifique de Google Analytics (https:\/\/support.google.com\/analytics\/answer\/6004245?hl=fr).<\/p>\n<p>Vous avez le contr\u00f4le sur les cookies et pouvez refuser leur placement en ajustant les param\u00e8tres des cookies dans votre navigateur. La plupart des navigateurs indiquent comment vous pouvez refuser l\u2019installation de cookies, comment vous \u00eates inform\u00e9 de l\u2019installation d\u2019un cookie et comment vous pouvez supprimer les cookies plac\u00e9s. Toutefois, en refusant l\u2019installation de cookies ou en supprimant les cookies plac\u00e9s sur votre ordinateur, vous pourriez ne pas \u00eatre en mesure d\u2019utiliser notre site Internet (compl\u00e8tement).<\/p>\n<p><strong>Partage des donn\u00e9es \u00e0 caract\u00e8re personnel<\/strong><\/p>\n<p>Snap-on fait partie du groupe Snap-on Incorporated, une organisation mondiale avec des filiales, des soci\u00e9t\u00e9s affili\u00e9es, des processus commerciaux, des structures de gestion et des syst\u00e8mes techniques qui d\u00e9passent les fronti\u00e8res. \u00c0 ce titre, nous partageons les donn\u00e9es \u00e0 caract\u00e8re personnel que nous collectons avec d\u2019autres partenaires ou soci\u00e9t\u00e9s faisant partie du groupe Snap-on (y compris notre soci\u00e9t\u00e9 m\u00e8re aux \u00c9tats-Unis) et transf\u00e9rons les donn\u00e9es \u00e0 caract\u00e8re personnel aux pays o\u00f9 nous sommes pr\u00e9sents aux fins \u00e9nonc\u00e9es ci-dessus et conform\u00e9ment \u00e0 la pr\u00e9sente d\u00e9claration de protection de la vie priv\u00e9e. Nous pouvons \u00e9galement partager vos donn\u00e9es \u00e0 caract\u00e8re personnel avec l\u2019un de nos franchis\u00e9s si vous \u00eates client de ce franchis\u00e9, si vous avez communiqu\u00e9 que vous \u00eates client d\u2019un de nos franchis\u00e9s ou si vous nous demandez que l\u2019un de nos franchis\u00e9s vous contacte.<\/p>\n<p>Dans la mesure o\u00f9 ils agissent dans le respect des lois et r\u00e8glements applicables et\/ou de la pr\u00e9sente d\u00e9claration de protection de la vie priv\u00e9e, nous partagerons vos donn\u00e9es \u00e0 caract\u00e8re personnel avec certains tiers (non membres de notre groupe), notamment les tiers qui nous fournissent certains services (tels que fournisseurs, traducteurs, conseillers juridiques et comptables), les contreparties l\u00e9galement autoris\u00e9es \u00e0 recevoir ces donn\u00e9es et leurs conseillers (juridiques), les organismes de contr\u00f4le, et d\u2019autres pouvoirs publics.<\/p>\n<p>Nous partagerons les donn\u00e9es \u00e0 caract\u00e8re personnel aux fins \u00e9nonc\u00e9es ci-dessus ou \u00e0 la suite d\u2019une obligation l\u00e9gale qui nous oblige \u00e0 divulguer ou \u00e0 partager des donn\u00e9es \u00e0 caract\u00e8re personnel afin de nous conformer \u00e0 toute r\u00e9glementation (l\u00e9gale), demande ou injonction \u00e9manant d\u2019organismes de contr\u00f4le ou autres organismes gouvernementaux, d\u00e9cision judiciaire, ou pour prot\u00e9ger ou d\u00e9fendre nos droits, biens ou s\u00e9curit\u00e9, ainsi que ceux de nos employ\u00e9s, clients, revendeurs, franchis\u00e9s et autres.<\/p>\n<p>Nous nous r\u00e9servons \u00e9galement le droit de transf\u00e9rer les donn\u00e9es \u00e0 caract\u00e8re personnel que nous avons collect\u00e9es \u00e0 votre sujet dans le cas o\u00f9 nous vendrions ou transf\u00e9rerions (une partie de) nos activit\u00e9s commerciales.<\/p>\n<p><strong>Transfert international de donn\u00e9es<\/strong><\/p>\n<p>Les donn\u00e9es \u00e0 caract\u00e8re personnel peuvent \u00eatre transf\u00e9r\u00e9es en dehors de l\u2019Espace \u00e9conomique europ\u00e9en (\u00ab\u00a0EEE\u00a0\u00bb) aux membres de notre groupe de soci\u00e9t\u00e9s et \u00e0 d\u2019autres parties comme indiqu\u00e9 ci-dessus, sous r\u00e9serve que certaines conditions soient remplies selon les lois et r\u00e8glements applicables aux transferts internationaux de donn\u00e9es. Vos donn\u00e9es \u00e0 caract\u00e8re personnel seront \u00e9galement trait\u00e9es par du personnel travaillant pour nous en dehors de l\u2019EEE. Cela inclut \u00e9galement le personnel responsable, entre autres, de l\u2019ex\u00e9cution de vos commandes et de la fourniture d\u2019assistance.<\/p>\n<p>Nous sommes parties \u00e0 un accord sur le transfert international de donn\u00e9es entre les membres de notre groupe de soci\u00e9t\u00e9s. Nous (i) tiendrons cet accord \u00e0 jour avec les lois et r\u00e8glements en vigueur, et (ii) transf\u00e9rerons uniquement les donn\u00e9es \u00e0 caract\u00e8re personnel depuis l\u2019EEE vers des pays hors EEE, conform\u00e9ment \u00e0 cet accord ou \u00e0 des garanties alternatives pour le transfert international des donn\u00e9es, conform\u00e9ment aux lois et r\u00e8glements en vigueur. Pour plus d\u2019informations sur les garanties contract\u00e9es, veuillez nous contacter via info@snap-on.eu.<\/p>\n<p><strong>D\u00e9lais de conservation<\/strong><\/p>\n<p>Nous nous effor\u00e7ons de conserver vos donn\u00e9es \u00e0 caract\u00e8re personnel sous une forme permettant l\u2019identification pendant une dur\u00e9e n\u2019exc\u00e9dant pas celle raisonnablement n\u00e9cessaire aux fins pour lesquelles elles sont trait\u00e9es, sans pr\u00e9judice de toute p\u00e9riode de conservation l\u00e9gale (telle que la p\u00e9riode de conservation administrative\/fiscale de sept ans dans le cadre des transactions). En ce qui concerne la vid\u00e9o-surveillance, nous conservons vos donn\u00e9es \u00e0 caract\u00e8re personnel pendant une dur\u00e9e maximale de quatre semaines apr\u00e8s l\u2019enregistrement des cam\u00e9ras ou \u2013 en cas d\u2019incident d\u00e9tect\u00e9 \u2013 apr\u00e8s le traitement d\u2019un incident. Dans le cadre d\u2019une proc\u00e9dure de candidature, nous conserverons les donn\u00e9es \u00e0 caract\u00e8re personnel obtenues dans le cadre de ce processus pendant une p\u00e9riode maximale de quatre semaines apr\u00e8s l\u2019ach\u00e8vement de la proc\u00e9dure de candidature. Le cas \u00e9ch\u00e9ant, votre consentement peut \u00eatre demand\u00e9 pour conserver vos donn\u00e9es \u00e0 caract\u00e8re personnel pendant une p\u00e9riode maximale d\u2019un an apr\u00e8s l\u2019ach\u00e8vement de la proc\u00e9dure de candidature.<\/p>\n<p><strong>Mesures de s\u00e9curit\u00e9<\/strong><\/p>\n<p>Nous ferons tout notre possible pour assurer la protection de vos donn\u00e9es \u00e0 caract\u00e8re personnel. Nous prendrons des mesures de s\u00e9curit\u00e9 administratives, techniques et physiques pour prot\u00e9ger vos donn\u00e9es \u00e0 caract\u00e8re personnel contre la perte, une utilisation abusive ou un acc\u00e8s, une divulgation, une modification ou une destruction non autoris\u00e9s de vos donn\u00e9es \u00e0 caract\u00e8re personnel.<\/p>\n<p><strong>Vos droits en mati\u00e8re de protection de la vie priv\u00e9e<\/strong><\/p>\n<p>Nous sommes conscients que, dans certaines circonstances, vous disposez d\u2019un certain nombre de droits \u00e0 la vie priv\u00e9e en ce qui concerne le traitement de vos donn\u00e9es \u00e0 caract\u00e8re personnel\u00a0:<\/p>\n<ul>\n<li>le droit de nous contacter librement et \u00e0 intervalles raisonnables pour nous demander de vous informer si des donn\u00e9es \u00e0 caract\u00e8re personnel vous concernant sont trait\u00e9es et, le cas \u00e9ch\u00e9ant, d\u2019avoir acc\u00e8s auxdites donn\u00e9es\u00a0;<\/li>\n<li>le droit de vous opposer au traitement de vos donn\u00e9es \u00e0 caract\u00e8re personnel \u00e0 des fins de marketing direct\u00a0;<\/li>\n<li>le droit de faire rectifier ou compl\u00e9ter vos donn\u00e9es \u00e0 caract\u00e8re personnel si elles sont incorrectes ou incompl\u00e8tes\u00a0;<\/li>\n<li>le droit de faire supprimer vos donn\u00e9es \u00e0 caract\u00e8re personnel ou de restreindre le traitement de vos donn\u00e9es \u00e0 caract\u00e8re personnel\u00a0; et\/ou<\/li>\n<li>le droit \u00e0 la transf\u00e9rabilit\u00e9 des donn\u00e9es si le traitement de vos donn\u00e9es \u00e0 caract\u00e8re personnel est effectu\u00e9 par des processus automatis\u00e9s sur la base de votre consentement ou dans le cadre de la mise en \u0153uvre d\u2019un contrat.<\/li>\n<\/ul>\n<p>Vous pouvez soumettre une demande concernant vos donn\u00e9es \u00e0 caract\u00e8re personnel par courriel ou par la poste en utilisant les coordonn\u00e9es de contact ci-dessus ou via l\u2019un des liens ci-dessous. Il se peut que nous vous demandions des renseignements d\u2019identification suppl\u00e9mentaires afin de v\u00e9rifier votre identit\u00e9 et, au besoin, nous communiquerons avec vous pour bien comprendre la port\u00e9e de votre demande.<\/p>\n<p>Pour les Pays-Bas\u00a0:<br \/>\n<a href=\"https:\/\/compliance.snapon.com\/GDPR\/RequestForm?co=SnaponToolsNL&amp;dl=nl\" target=\"_blank\" rel=\"noopener\">https:\/\/compliance.snapon.com\/GDPR\/RequestForm?co=SnaponToolsNL&amp;dl=nl<\/a><\/p>\n<p>Pour la Belgique (NL)\u00a0:<br \/>\n<a href=\"https:\/\/compliance.snapon.com\/GDPR\/RequestForm?co=SnaponToolsBE&amp;dl=nl\" target=\"_blank\" rel=\"noopener\">https:\/\/compliance.snapon.com\/GDPR\/RequestForm?co=SnaponToolsBE&amp;dl=nl<\/a><\/p>\n<p>Pour la Belgique (FR)\u00a0:<br \/>\n<a href=\"https:\/\/compliance.snapon.com\/GDPR\/RequestForm?co=SnaponToolsBE&amp;dl=fr\" target=\"_blank\" rel=\"noopener\">https:\/\/compliance.snapon.com\/GDPR\/RequestForm?co=SnaponToolsBE&amp;dl=fr<\/a><\/p>\n<p>Vous avez \u00e9galement le droit de porter plainte aupr\u00e8s d\u2019une autorit\u00e9 de contr\u00f4le si vous estimez que le traitement de vos donn\u00e9es \u00e0 caract\u00e8re personnel que nous effectuons viole les dispositions relatives \u00e0 la vie priv\u00e9e. Aux Pays-Bas, l\u2019Autoriteit Persoonsgegevens a \u00e9t\u00e9 d\u00e9sign\u00e9e comme autorit\u00e9 de contr\u00f4le. De plus amples informations sont disponibles sur le site Internet\u00a0<a href=\"http:\/\/www.autoriteitpersoonsgegevens.nl\/\" target=\"_blank\" rel=\"noopener\">http:\/\/www.autoriteitpersoonsgegevens.nl<\/a>. En Belgique, l\u2019Autorit\u00e9 de protection des donn\u00e9es a \u00e9t\u00e9 d\u00e9sign\u00e9e comme autorit\u00e9 de contr\u00f4le. Pour plus d\u2019informations, voir les sites\u00a0<a href=\"https:\/\/www.gegevensbeschermingsautoriteit.be\/\" target=\"_blank\" rel=\"noopener\">https:\/\/www.gegevensbeschermingsautoriteit.be<\/a>\u00a0(en n\u00e9erlandais) et\u00a0<a href=\"https:\/\/www.autoriteprotectiondonnees.be\/\" target=\"_blank\" rel=\"noopener\">https:\/\/www.autoriteprotectiondonnees.be<\/a>\u00a0(en fran\u00e7ais).<\/p>\n<p><strong>Modifications<\/strong><\/p>\n<p>Nous nous r\u00e9servons le droit de mettre p\u00e9riodiquement \u00e0 jour la pr\u00e9sente d\u00e9claration de protection de la vie priv\u00e9e. Nous vous recommandons de consulter r\u00e9guli\u00e8rement la pr\u00e9sente d\u00e9claration de protection de la vie priv\u00e9e pour tout changement.<\/p>\n<p>Publi\u00e9: Janvier 2025<\/p>\n\n  <\/div>\n  \n  \n      <\/div>\n  <\/section>\n","protected":false},"excerpt":{"rendered":"","protected":false},"author":3,"featured_media":0,"parent":0,"menu_order":0,"comment_status":"closed","ping_status":"closed","template":"","meta":{"_acf_changed":false,"inline_featured_image":false,"footnotes":""},"class_list":["post-2852","page","type-page","status-publish","hentry"],"acf":[],"yoast_head":"<!-- This site is optimized with the Yoast SEO Premium plugin v26.8 (Yoast SEO v26.8) - https:\/\/yoast.com\/product\/yoast-seo-premium-wordpress\/ -->\n<title>D\u00e9claration de confidentialit\u00e9 - Snap-on<\/title>\n<meta name=\"robots\" content=\"index, follow, max-snippet:-1, max-image-preview:large, max-video-preview:-1\" \/>\n<link rel=\"canonical\" href=\"https:\/\/snap-on.eu\/privacyverklaring\/\" \/>\n<meta property=\"og:locale\" content=\"fr_FR\" \/>\n<meta property=\"og:type\" content=\"article\" \/>\n<meta property=\"og:title\" content=\"D\u00e9claration de confidentialit\u00e9\" \/>\n<meta property=\"og:url\" content=\"https:\/\/snap-on.eu\/privacyverklaring\/\" \/>\n<meta property=\"og:site_name\" content=\"Snap-on\" \/>\n<meta property=\"article:publisher\" content=\"https:\/\/www.facebook.com\/Snapon.Benelux\" \/>\n<meta property=\"article:modified_time\" content=\"2025-01-09T11:27:34+00:00\" \/>\n<meta name=\"twitter:card\" content=\"summary_large_image\" \/>\n<meta name=\"twitter:site\" content=\"@SnaponBenelux\" \/>\n<script type=\"application\/ld+json\" class=\"yoast-schema-graph\">{\"@context\":\"https:\/\/schema.org\",\"@graph\":[{\"@type\":\"WebPage\",\"@id\":\"https:\/\/snap-on.eu\/privacyverklaring\/\",\"url\":\"https:\/\/snap-on.eu\/privacyverklaring\/\",\"name\":\"D\u00e9claration de confidentialit\u00e9 - Snap-on\",\"isPartOf\":{\"@id\":\"https:\/\/snap-on.eu\/#website\"},\"datePublished\":\"2024-10-08T06:15:17+00:00\",\"dateModified\":\"2025-01-09T11:27:34+00:00\",\"breadcrumb\":{\"@id\":\"https:\/\/snap-on.eu\/privacyverklaring\/#breadcrumb\"},\"inLanguage\":\"fr-FR\",\"potentialAction\":[{\"@type\":\"ReadAction\",\"target\":[\"https:\/\/snap-on.eu\/privacyverklaring\/\"]}]},{\"@type\":\"BreadcrumbList\",\"@id\":\"https:\/\/snap-on.eu\/privacyverklaring\/#breadcrumb\",\"itemListElement\":[{\"@type\":\"ListItem\",\"position\":1,\"name\":\"Home\",\"item\":\"https:\/\/snap-on.eu\/fr\/\"},{\"@type\":\"ListItem\",\"position\":2,\"name\":\"D\u00e9claration de confidentialit\u00e9\"}]},{\"@type\":\"WebSite\",\"@id\":\"https:\/\/snap-on.eu\/#website\",\"url\":\"https:\/\/snap-on.eu\/\",\"name\":\"Snap-on Tools Benelux\",\"description\":\"\",\"publisher\":{\"@id\":\"https:\/\/snap-on.eu\/#organization\"},\"potentialAction\":[{\"@type\":\"SearchAction\",\"target\":{\"@type\":\"EntryPoint\",\"urlTemplate\":\"https:\/\/snap-on.eu\/?s={search_term_string}\"},\"query-input\":{\"@type\":\"PropertyValueSpecification\",\"valueRequired\":true,\"valueName\":\"search_term_string\"}}],\"inLanguage\":\"fr-FR\"},{\"@type\":\"Organization\",\"@id\":\"https:\/\/snap-on.eu\/#organization\",\"name\":\"Snap-on Tools Benelux B.V.\",\"url\":\"https:\/\/snap-on.eu\/\",\"logo\":{\"@type\":\"ImageObject\",\"inLanguage\":\"fr-FR\",\"@id\":\"https:\/\/snap-on.eu\/#\/schema\/logo\/image\/\",\"url\":\"https:\/\/snap-on.eu\/wp-content\/uploads\/2025\/02\/Snap-on-Logo.png\",\"contentUrl\":\"https:\/\/snap-on.eu\/wp-content\/uploads\/2025\/02\/Snap-on-Logo.png\",\"width\":3840,\"height\":2160,\"caption\":\"Snap-on Tools Benelux B.V.\"},\"image\":{\"@id\":\"https:\/\/snap-on.eu\/#\/schema\/logo\/image\/\"},\"sameAs\":[\"https:\/\/www.facebook.com\/Snapon.Benelux\",\"https:\/\/x.com\/SnaponBenelux\"]}]}<\/script>\n<!-- \/ Yoast SEO Premium plugin. -->","yoast_head_json":{"title":"D\u00e9claration de confidentialit\u00e9 - Snap-on","robots":{"index":"index","follow":"follow","max-snippet":"max-snippet:-1","max-image-preview":"max-image-preview:large","max-video-preview":"max-video-preview:-1"},"canonical":"https:\/\/snap-on.eu\/privacyverklaring\/","og_locale":"fr_FR","og_type":"article","og_title":"D\u00e9claration de confidentialit\u00e9","og_url":"https:\/\/snap-on.eu\/privacyverklaring\/","og_site_name":"Snap-on","article_publisher":"https:\/\/www.facebook.com\/Snapon.Benelux","article_modified_time":"2025-01-09T11:27:34+00:00","twitter_card":"summary_large_image","twitter_site":"@SnaponBenelux","schema":{"@context":"https:\/\/schema.org","@graph":[{"@type":"WebPage","@id":"https:\/\/snap-on.eu\/privacyverklaring\/","url":"https:\/\/snap-on.eu\/privacyverklaring\/","name":"D\u00e9claration de confidentialit\u00e9 - Snap-on","isPartOf":{"@id":"https:\/\/snap-on.eu\/#website"},"datePublished":"2024-10-08T06:15:17+00:00","dateModified":"2025-01-09T11:27:34+00:00","breadcrumb":{"@id":"https:\/\/snap-on.eu\/privacyverklaring\/#breadcrumb"},"inLanguage":"fr-FR","potentialAction":[{"@type":"ReadAction","target":["https:\/\/snap-on.eu\/privacyverklaring\/"]}]},{"@type":"BreadcrumbList","@id":"https:\/\/snap-on.eu\/privacyverklaring\/#breadcrumb","itemListElement":[{"@type":"ListItem","position":1,"name":"Home","item":"https:\/\/snap-on.eu\/fr\/"},{"@type":"ListItem","position":2,"name":"D\u00e9claration de confidentialit\u00e9"}]},{"@type":"WebSite","@id":"https:\/\/snap-on.eu\/#website","url":"https:\/\/snap-on.eu\/","name":"Snap-on Tools Benelux","description":"","publisher":{"@id":"https:\/\/snap-on.eu\/#organization"},"potentialAction":[{"@type":"SearchAction","target":{"@type":"EntryPoint","urlTemplate":"https:\/\/snap-on.eu\/?s={search_term_string}"},"query-input":{"@type":"PropertyValueSpecification","valueRequired":true,"valueName":"search_term_string"}}],"inLanguage":"fr-FR"},{"@type":"Organization","@id":"https:\/\/snap-on.eu\/#organization","name":"Snap-on Tools Benelux B.V.","url":"https:\/\/snap-on.eu\/","logo":{"@type":"ImageObject","inLanguage":"fr-FR","@id":"https:\/\/snap-on.eu\/#\/schema\/logo\/image\/","url":"https:\/\/snap-on.eu\/wp-content\/uploads\/2025\/02\/Snap-on-Logo.png","contentUrl":"https:\/\/snap-on.eu\/wp-content\/uploads\/2025\/02\/Snap-on-Logo.png","width":3840,"height":2160,"caption":"Snap-on Tools Benelux B.V."},"image":{"@id":"https:\/\/snap-on.eu\/#\/schema\/logo\/image\/"},"sameAs":["https:\/\/www.facebook.com\/Snapon.Benelux","https:\/\/x.com\/SnaponBenelux"]}]}},"_links":{"self":[{"href":"https:\/\/snap-on.eu\/fr\/wp-json\/wp\/v2\/pages\/2852","targetHints":{"allow":["GET"]}}],"collection":[{"href":"https:\/\/snap-on.eu\/fr\/wp-json\/wp\/v2\/pages"}],"about":[{"href":"https:\/\/snap-on.eu\/fr\/wp-json\/wp\/v2\/types\/page"}],"author":[{"embeddable":true,"href":"https:\/\/snap-on.eu\/fr\/wp-json\/wp\/v2\/users\/3"}],"replies":[{"embeddable":true,"href":"https:\/\/snap-on.eu\/fr\/wp-json\/wp\/v2\/comments?post=2852"}],"version-history":[{"count":2,"href":"https:\/\/snap-on.eu\/fr\/wp-json\/wp\/v2\/pages\/2852\/revisions"}],"predecessor-version":[{"id":2862,"href":"https:\/\/snap-on.eu\/fr\/wp-json\/wp\/v2\/pages\/2852\/revisions\/2862"}],"wp:attachment":[{"href":"https:\/\/snap-on.eu\/fr\/wp-json\/wp\/v2\/media?parent=2852"}],"curies":[{"name":"wp","href":"https:\/\/api.w.org\/{rel}","templated":true}]}}