{"id":6458,"date":"2024-03-20T07:30:51","date_gmt":"2024-03-20T06:30:51","guid":{"rendered":"https:\/\/snap-on.eu\/produkte\/"},"modified":"2026-01-10T13:08:24","modified_gmt":"2026-01-10T12:08:24","slug":"produkte","status":"publish","type":"page","link":"https:\/\/snap-on.eu\/de\/produkte\/","title":{"rendered":"Produkte"},"content":{"rendered":"<section id=\"\"\n  class=\"block-slim-hero-text block-wrapper\n  py-8 md:py-12\n  relative bg-cover bg-center lg:bg-right aspect-[1440\/300] md:p-8 flex items-end\"\n  style=\"background-image: url(https:\/\/snap-on.eu\/wp-content\/uploads\/2025\/11\/producten_header_hottools_dec.png)\">\n      <div class=\"container \">\n      <div class=\"bg-white rounded-[4px] p-8 w-full max-md:bg-opacity-85 md:w-1\/2 lg:w-2\/5 space-y-4\">\n      <h2 class=\"h2\">Sonderangebote<\/h2>\n      <div class=\"wysiwyg max-sm:text-[13px]\"><p>Snap-on-Werkzeuge stehen f\u00fcr Pr\u00e4zision, Langlebigkeit und Effizienz. Sie wurden f\u00fcr Profis entwickelt, die jede Arbeit auf Anhieb richtig erledigen wollen. Eine kurze Einf\u00fchrung.  <\/p>\n<\/div>\n              <a class=\"align-middle inline-block text-sunsetred max-sm:text-14px\" href=\"https:\/\/snap-on.eu\/producten-catalogus\/nieuwe-producten-promoties\/\"\n          target=\"\">\n          <span class=\"inline-block font-medium\">Promotions ansehen<\/span>\n          <img decoding=\"async\" class=\"inline-block w-3 sm:w-4 ml-1 sm:ml-2\" src=\"https:\/\/snap-on.eu\/wp-content\/themes\/sna-snap-on-wp\/public\/images\/icons\/icon-arrow_right-red.b2e0de.svg\" alt=\"\" srcset=\"\">\n        <\/a>\n          <\/div>\n  \n  \n      <\/div>\n  <\/section>\n<section id=\"\"\n  class=\"block-product-search block-wrapper\n  py-4 md:py-8\n  bg-whitesmoke dark:bg-dark_bluecharcola text-center\"\n  style=\"\">\n      <div class=\"container \">\n      <h2 class=\"mb-4\">Nach Produkten suchen<\/h2>\n  <form action=\"\/product-list\" method=\"get\" class=\"flex items-center max-w-4xl mx-auto\">\n    <button type=\"submit\"\n      class=\"bg-sunsetred flex-none flex justify-center items-center aspect-square w-12 sm:w-16 md:w-20 rounded-l-[4px]\"><img decoding=\"async\"\n        class=\"w-1\/3\" src=\"https:\/\/snap-on.eu\/wp-content\/themes\/sna-snap-on-wp\/public\/images\/icons\/icon-search-white.cd9e00.svg\" alt=\"\"><\/button>\n    <input type=\"search\" name=\"q\"\n      class=\"flex-1 h-12 sm:h-16 md:h-20 px-2 sm:px-6 md:px-10 placeholder:italic placeholder:text-anthracite placeholder:text-opacity-40\"\n      id=\"\" placeholder=\"Type hier het product dat je zoekt\">\n  <\/form>\n  \n  \n      <\/div>\n  <\/section>\n","protected":false},"excerpt":{"rendered":"","protected":false},"author":1,"featured_media":0,"parent":0,"menu_order":0,"comment_status":"closed","ping_status":"closed","template":"template-products-overview-page.blade.php","meta":{"_acf_changed":false,"inline_featured_image":false,"footnotes":""},"class_list":["post-6458","page","type-page","status-publish","hentry"],"acf":[],"yoast_head":"<!-- This site is optimized with the Yoast SEO Premium plugin v26.8 (Yoast SEO v26.8) - https:\/\/yoast.com\/product\/yoast-seo-premium-wordpress\/ -->\n<title>Produkte - Snap-on<\/title>\n<meta name=\"robots\" content=\"index, follow, max-snippet:-1, max-image-preview:large, max-video-preview:-1\" \/>\n<link rel=\"canonical\" href=\"https:\/\/snap-on.eu\/de\/produkte\/\" \/>\n<meta property=\"og:locale\" content=\"de_DE\" \/>\n<meta property=\"og:type\" content=\"article\" \/>\n<meta property=\"og:title\" content=\"Produkte\" \/>\n<meta property=\"og:url\" content=\"https:\/\/snap-on.eu\/de\/produkte\/\" \/>\n<meta property=\"og:site_name\" content=\"Snap-on\" \/>\n<meta property=\"article:publisher\" content=\"https:\/\/www.facebook.com\/Snapon.Benelux\" \/>\n<meta property=\"article:modified_time\" content=\"2026-01-10T12:08:24+00:00\" \/>\n<meta name=\"twitter:card\" content=\"summary_large_image\" \/>\n<meta name=\"twitter:site\" content=\"@SnaponBenelux\" \/>\n<script type=\"application\/ld+json\" class=\"yoast-schema-graph\">{\"@context\":\"https:\/\/schema.org\",\"@graph\":[{\"@type\":\"WebPage\",\"@id\":\"https:\/\/snap-on.eu\/de\/produkte\/\",\"url\":\"https:\/\/snap-on.eu\/de\/produkte\/\",\"name\":\"Produkte - Snap-on\",\"isPartOf\":{\"@id\":\"https:\/\/snap-on.eu\/#website\"},\"datePublished\":\"2024-03-20T06:30:51+00:00\",\"dateModified\":\"2026-01-10T12:08:24+00:00\",\"breadcrumb\":{\"@id\":\"https:\/\/snap-on.eu\/de\/produkte\/#breadcrumb\"},\"inLanguage\":\"de\",\"potentialAction\":[{\"@type\":\"ReadAction\",\"target\":[\"https:\/\/snap-on.eu\/de\/produkte\/\"]}]},{\"@type\":\"BreadcrumbList\",\"@id\":\"https:\/\/snap-on.eu\/de\/produkte\/#breadcrumb\",\"itemListElement\":[{\"@type\":\"ListItem\",\"position\":1,\"name\":\"Home\",\"item\":\"https:\/\/snap-on.eu\/de\/\"},{\"@type\":\"ListItem\",\"position\":2,\"name\":\"Produkte\"}]},{\"@type\":\"WebSite\",\"@id\":\"https:\/\/snap-on.eu\/#website\",\"url\":\"https:\/\/snap-on.eu\/\",\"name\":\"Snap-on Tools Benelux\",\"description\":\"\",\"publisher\":{\"@id\":\"https:\/\/snap-on.eu\/#organization\"},\"potentialAction\":[{\"@type\":\"SearchAction\",\"target\":{\"@type\":\"EntryPoint\",\"urlTemplate\":\"https:\/\/snap-on.eu\/?s={search_term_string}\"},\"query-input\":{\"@type\":\"PropertyValueSpecification\",\"valueRequired\":true,\"valueName\":\"search_term_string\"}}],\"inLanguage\":\"de\"},{\"@type\":\"Organization\",\"@id\":\"https:\/\/snap-on.eu\/#organization\",\"name\":\"Snap-on Tools Benelux B.V.\",\"url\":\"https:\/\/snap-on.eu\/\",\"logo\":{\"@type\":\"ImageObject\",\"inLanguage\":\"de\",\"@id\":\"https:\/\/snap-on.eu\/#\/schema\/logo\/image\/\",\"url\":\"https:\/\/snap-on.eu\/wp-content\/uploads\/2025\/02\/Snap-on-Logo.png\",\"contentUrl\":\"https:\/\/snap-on.eu\/wp-content\/uploads\/2025\/02\/Snap-on-Logo.png\",\"width\":3840,\"height\":2160,\"caption\":\"Snap-on Tools Benelux B.V.\"},\"image\":{\"@id\":\"https:\/\/snap-on.eu\/#\/schema\/logo\/image\/\"},\"sameAs\":[\"https:\/\/www.facebook.com\/Snapon.Benelux\",\"https:\/\/x.com\/SnaponBenelux\"]}]}<\/script>\n<!-- \/ Yoast SEO Premium plugin. -->","yoast_head_json":{"title":"Produkte - Snap-on","robots":{"index":"index","follow":"follow","max-snippet":"max-snippet:-1","max-image-preview":"max-image-preview:large","max-video-preview":"max-video-preview:-1"},"canonical":"https:\/\/snap-on.eu\/de\/produkte\/","og_locale":"de_DE","og_type":"article","og_title":"Produkte","og_url":"https:\/\/snap-on.eu\/de\/produkte\/","og_site_name":"Snap-on","article_publisher":"https:\/\/www.facebook.com\/Snapon.Benelux","article_modified_time":"2026-01-10T12:08:24+00:00","twitter_card":"summary_large_image","twitter_site":"@SnaponBenelux","schema":{"@context":"https:\/\/schema.org","@graph":[{"@type":"WebPage","@id":"https:\/\/snap-on.eu\/de\/produkte\/","url":"https:\/\/snap-on.eu\/de\/produkte\/","name":"Produkte - Snap-on","isPartOf":{"@id":"https:\/\/snap-on.eu\/#website"},"datePublished":"2024-03-20T06:30:51+00:00","dateModified":"2026-01-10T12:08:24+00:00","breadcrumb":{"@id":"https:\/\/snap-on.eu\/de\/produkte\/#breadcrumb"},"inLanguage":"de","potentialAction":[{"@type":"ReadAction","target":["https:\/\/snap-on.eu\/de\/produkte\/"]}]},{"@type":"BreadcrumbList","@id":"https:\/\/snap-on.eu\/de\/produkte\/#breadcrumb","itemListElement":[{"@type":"ListItem","position":1,"name":"Home","item":"https:\/\/snap-on.eu\/de\/"},{"@type":"ListItem","position":2,"name":"Produkte"}]},{"@type":"WebSite","@id":"https:\/\/snap-on.eu\/#website","url":"https:\/\/snap-on.eu\/","name":"Snap-on Tools Benelux","description":"","publisher":{"@id":"https:\/\/snap-on.eu\/#organization"},"potentialAction":[{"@type":"SearchAction","target":{"@type":"EntryPoint","urlTemplate":"https:\/\/snap-on.eu\/?s={search_term_string}"},"query-input":{"@type":"PropertyValueSpecification","valueRequired":true,"valueName":"search_term_string"}}],"inLanguage":"de"},{"@type":"Organization","@id":"https:\/\/snap-on.eu\/#organization","name":"Snap-on Tools Benelux B.V.","url":"https:\/\/snap-on.eu\/","logo":{"@type":"ImageObject","inLanguage":"de","@id":"https:\/\/snap-on.eu\/#\/schema\/logo\/image\/","url":"https:\/\/snap-on.eu\/wp-content\/uploads\/2025\/02\/Snap-on-Logo.png","contentUrl":"https:\/\/snap-on.eu\/wp-content\/uploads\/2025\/02\/Snap-on-Logo.png","width":3840,"height":2160,"caption":"Snap-on Tools Benelux B.V."},"image":{"@id":"https:\/\/snap-on.eu\/#\/schema\/logo\/image\/"},"sameAs":["https:\/\/www.facebook.com\/Snapon.Benelux","https:\/\/x.com\/SnaponBenelux"]}]}},"_links":{"self":[{"href":"https:\/\/snap-on.eu\/de\/wp-json\/wp\/v2\/pages\/6458","targetHints":{"allow":["GET"]}}],"collection":[{"href":"https:\/\/snap-on.eu\/de\/wp-json\/wp\/v2\/pages"}],"about":[{"href":"https:\/\/snap-on.eu\/de\/wp-json\/wp\/v2\/types\/page"}],"author":[{"embeddable":true,"href":"https:\/\/snap-on.eu\/de\/wp-json\/wp\/v2\/users\/1"}],"replies":[{"embeddable":true,"href":"https:\/\/snap-on.eu\/de\/wp-json\/wp\/v2\/comments?post=6458"}],"version-history":[{"count":1,"href":"https:\/\/snap-on.eu\/de\/wp-json\/wp\/v2\/pages\/6458\/revisions"}],"predecessor-version":[{"id":6459,"href":"https:\/\/snap-on.eu\/de\/wp-json\/wp\/v2\/pages\/6458\/revisions\/6459"}],"wp:attachment":[{"href":"https:\/\/snap-on.eu\/de\/wp-json\/wp\/v2\/media?parent=6458"}],"curies":[{"name":"wp","href":"https:\/\/api.w.org\/{rel}","templated":true}]}}