{"id":6004,"date":"2025-12-04T04:30:45","date_gmt":"2025-12-04T03:30:45","guid":{"rendered":"https:\/\/snap-on.eu\/?page_id=6004"},"modified":"2025-12-05T07:58:37","modified_gmt":"2025-12-05T06:58:37","slug":"franchisee-app-nutzungsbedingungen","status":"publish","type":"page","link":"https:\/\/snap-on.eu\/de\/franchisee-app-nutzungsbedingungen\/","title":{"rendered":"Franchisee App \u2013 Nutzungsbedingungen"},"content":{"rendered":"<section id=\"\"\n  class=\"block-text-container-cta block-wrapper\n  my-8 md:my-12\n  space-y-8\"\n  style=\"\">\n      <div class=\"container \">\n      <div class=\"wysiwyg text-anthracite-light dark:text-white\">\n    <p><em>Januar 2026<\/em><\/p>\n<p>Diese Nutzungsbedingungen (\u201eNutzungsbedingungen\u201c) beschreiben die Bedingungen, unter denen die mobile Anwendung (\u201eApp\u201c) der Snap-on Tools BV (\u201eSnap-on\u201c) genutzt werden darf. Bei Fragen zur App oder diesen Nutzungsbedingungen kontaktieren Sie uns bitte unter <a href=\"mailto:info@snap-on.eu\">info@snap-on.eu<\/a>.<\/p>\n<div class=\"hierarchical-list\">\n<ol>\n<li><div class=\"li-inner\"><strong>Anwendbarkeit<\/strong>\n<ol>\n<li><div class=\"li-inner\">Diese Nutzungsbedingungen gelten f\u00fcr die Nutzung (des Inhalts) der App.<\/div><\/li>\n<li><div class=\"li-inner\">Durch die Nutzung der App (einschlie\u00dflich des Herunterladens und Installierens) akzeptieren Sie als Nutzer der App (\u201eNutzer\u201c) diese Nutzungsbedingungen.<\/div><\/li>\n<li><div class=\"li-inner\">Die Nutzungsbedingungen k\u00f6nnen auch auf unserer Website snap-on.eu eingesehen, heruntergeladen, gespeichert und ausgedruckt werden.<\/div><\/li>\n<li><div class=\"li-inner\">Wenn die App Dienste von Drittanbietern nutzt, gelten auch die Nutzungsbedingungen, Datenschutzbestimmungen und\/oder Cookie-Richtlinien der jeweiligen Drittanbieter. Snap-on ist nicht f\u00fcr die Dienste, Nutzungsbedingungen und Datenschutzbestimmungen und\/oder Cookie-Richtlinien von Drittanbietern verantwortlich. Im Falle eines Widerspruchs zwischen den Nutzungsbedingungen einerseits und den Nutzungsbedingungen, Datenschutzbestimmungen und\/oder Cookie-Richtlinien der betreffenden Drittanbieter andererseits haben die Nutzungsbedingungen Vorrang.<\/div><\/li>\n<li><div class=\"li-inner\">Snap-on beh\u00e4lt sich das Recht vor, die Nutzungsbedingungen zu \u00e4ndern.<\/div><\/li>\n<\/ol>\n<\/div><\/li>\n<li><div class=\"li-inner\"><strong>Lizenz<\/strong>\n<ol>\n<li><div class=\"li-inner\">Snap-on gew\u00e4hrt dem Nutzer eine nicht-exklusive, nicht unterlizenzierbare und nicht \u00fcbertragbare Lizenz zur Nutzung der App.<\/div><\/li>\n<li><div class=\"li-inner\">Der Nutzer darf die App ohne vorherige Zustimmung von Snap-on weder Dritten zug\u00e4nglich machen, verkaufen, vermieten, dekompilieren, zur\u00fcckentwickeln noch modifizieren. Ebenso wenig darf der Nutzer technische Schutzma\u00dfnahmen der App entfernen oder umgehen.<\/div><\/li>\n<li><div class=\"li-inner\">Snap-on beh\u00e4lt sich das Recht vor, jederzeit die App zu modifizieren, Informationen, Daten oder andere Inhalte zu \u00e4ndern oder zu entfernen, dem Benutzer die Nutzung der App durch K\u00fcndigung der Lizenz zu verweigern, die Nutzung der App einzuschr\u00e4nken oder den Zugriff auf die App ganz oder teilweise, vor\u00fcbergehend oder dauerhaft zu verweigern.<\/div><\/li>\n<li><div class=\"li-inner\">Snap-on kann ein Upgrade f\u00fcr die App bereitstellen. Das Upgrade gilt dann im Sinne der Nutzungsbedingungen als App.<\/div><\/li>\n<\/ol>\n<\/div><\/li>\n<li><div class=\"li-inner\"><strong>Nutzung der App<\/strong>\n<ol>\n<li><div class=\"li-inner\">Die Nutzung der App erfolgt auf eigene Kosten und eigenes Risiko.<\/div><\/li>\n<li><div class=\"li-inner\">Die Nutzung der App f\u00fcr kommerzielle Zwecke ist nicht gestattet.<\/div><\/li>\n<li><div class=\"li-inner\">Um die App nutzen zu k\u00f6nnen, muss der Benutzer die notwendige Ausr\u00fcstung, Systemsoftware und (Internet-)Verbindung auf eigene Kosten bereitstellen.<\/div><\/li>\n<\/ol>\n<\/div><\/li>\n<li><div class=\"li-inner\"><strong>Rechte an geistigem Eigentum<\/strong>\n<ol>\n<li><div class=\"li-inner\">S\u00e4mtliche Rechte an geistigem Eigentum und\/oder \u00e4hnliche Rechte an (dem Inhalt der) App liegen ausschlie\u00dflich bei Snap-on, seinen Lizenzgebern oder dem Administrator der App.<\/div><\/li>\n<li><div class=\"li-inner\">Der Nutzer verpflichtet sich, den Namen und den Ruf von Snap-on und seinen verbundenen Mitgliedsfirmen jederzeit zu respektieren und sicherzustellen, dass die Nutzung der App in keiner Weise die Rechte und\/oder den Ruf von Snap-on und seinen verbundenen Mitgliedsfirmen beeintr\u00e4chtigt.<\/div><\/li>\n<\/ol>\n<\/div><\/li>\n<li><div class=\"li-inner\"><strong>Haftung und Entsch\u00e4digung<\/strong>\n<ol>\n<li><div class=\"li-inner\">Snap-on haftet aus keinem Grund f\u00fcr Sch\u00e4den, die aus der Nutzung (des Inhalts) der App resultieren oder damit in Zusammenhang stehen.<\/div><\/li>\n<li><div class=\"li-inner\">Die Informationen, Daten und sonstigen Inhalte der App wurden sorgf\u00e4ltig zusammengestellt. Snap-on kann jedoch nicht garantieren, dass die Informationen, Daten und sonstigen Inhalte der App, einschlie\u00dflich Rechtstexte aus \u00f6ffentlichen Quellen, korrekt, aktuell und vollst\u00e4ndig sind. Snap-on haftet in keinem Fall f\u00fcr Sch\u00e4den, die aus der Nutzung der Informationen, Daten und sonstigen Inhalte der App entstehen oder damit in Zusammenhang stehen.<\/div><\/li>\n<li><div class=\"li-inner\">Snap-on kann nicht garantieren, dass die App jederzeit ohne Unterbrechungen, Fehler oder M\u00e4ngel verf\u00fcgbar ist. Snap-on haftet in keiner Weise f\u00fcr Sch\u00e4den, die aus solchen Unterbrechungen, Fehlern oder M\u00e4ngeln resultieren oder damit in Zusammenhang stehen.<\/div><\/li>\n<li><div class=\"li-inner\">Der Nutzer stellt Snap-on von allen Anspr\u00fcchen Dritter frei, die sich aus der Nutzung (des Inhalts) der App ergeben. Der Nutzer verpflichtet sich, Snap-on alle Sch\u00e4den und Kosten (einschlie\u00dflich, aber nicht beschr\u00e4nkt auf gerichtliche und au\u00dfergerichtliche Kosten) zu ersetzen, die Snap-on aufgrund solcher Anspr\u00fcche entstehen .<\/div><\/li>\n<\/ol>\n<\/div><\/li>\n<li><div class=\"li-inner\"><strong>Beendigung<\/strong>\n<ol>\n<li><div class=\"li-inner\">Der Nutzer kann die Nutzung der App jederzeit beenden, indem er die App von seinem Mobilger\u00e4t entfernt oder deinstalliert.<\/div><\/li>\n<li><div class=\"li-inner\">Snap-on kann die App (ohne Vorank\u00fcndigung) f\u00fcr den\/die Benutzer vor\u00fcbergehend oder dauerhaft nicht mehr verf\u00fcgbar machen oder die App anderweitig einstellen, ohne dass der\/die Benutzer daraus irgendwelche Rechte ableiten kann\/k\u00f6nnen.<\/div><\/li>\n<\/ol>\n<\/div><\/li>\n<li><div class=\"li-inner\"><strong>Anwendbares Recht, Streitbeilegung<\/strong>\n<ol>\n<li><div class=\"li-inner\">Diese Nutzungsbedingungen unterliegen niederl\u00e4ndischem Recht.<\/div><\/li>\n<li><div class=\"li-inner\">Alle Streitigkeiten, die aus der Nutzung der App entstehen oder damit in Zusammenhang stehen, fallen in die ausschlie\u00dfliche Zust\u00e4ndigkeit des zust\u00e4ndigen niederl\u00e4ndischen Gerichts.<\/div><\/li>\n<\/ol>\n<\/div><\/li>\n<\/ol>\n<p><\/p><\/div>\n\n  <\/div>\n  \n  \n      <\/div>\n  <\/section>\n","protected":false},"excerpt":{"rendered":"","protected":false},"author":1,"featured_media":0,"parent":0,"menu_order":0,"comment_status":"closed","ping_status":"closed","template":"","meta":{"_acf_changed":false,"inline_featured_image":false,"footnotes":""},"class_list":["post-6004","page","type-page","status-publish","hentry"],"acf":[],"yoast_head":"<!-- This site is optimized with the Yoast SEO Premium plugin v26.8 (Yoast SEO v26.8) - https:\/\/yoast.com\/product\/yoast-seo-premium-wordpress\/ -->\n<title>Franchisee App \u2013 Nutzungsbedingungen - Snap-on<\/title>\n<meta name=\"robots\" content=\"index, follow, max-snippet:-1, max-image-preview:large, max-video-preview:-1\" \/>\n<link rel=\"canonical\" href=\"https:\/\/snap-on.eu\/de\/franchisee-app-nutzungsbedingungen\/\" \/>\n<meta property=\"og:locale\" content=\"de_DE\" \/>\n<meta property=\"og:type\" content=\"article\" \/>\n<meta property=\"og:title\" content=\"Franchisee App \u2013 Nutzungsbedingungen\" \/>\n<meta property=\"og:url\" content=\"https:\/\/snap-on.eu\/de\/franchisee-app-nutzungsbedingungen\/\" \/>\n<meta property=\"og:site_name\" content=\"Snap-on\" \/>\n<meta property=\"article:publisher\" content=\"https:\/\/www.facebook.com\/Snapon.Benelux\" \/>\n<meta property=\"article:modified_time\" content=\"2025-12-05T06:58:37+00:00\" \/>\n<meta name=\"twitter:card\" content=\"summary_large_image\" \/>\n<meta name=\"twitter:site\" content=\"@SnaponBenelux\" \/>\n<script type=\"application\/ld+json\" class=\"yoast-schema-graph\">{\"@context\":\"https:\/\/schema.org\",\"@graph\":[{\"@type\":\"WebPage\",\"@id\":\"https:\/\/snap-on.eu\/de\/franchisee-app-nutzungsbedingungen\/\",\"url\":\"https:\/\/snap-on.eu\/de\/franchisee-app-nutzungsbedingungen\/\",\"name\":\"Franchisee App \u2013 Nutzungsbedingungen - Snap-on\",\"isPartOf\":{\"@id\":\"https:\/\/snap-on.eu\/#website\"},\"datePublished\":\"2025-12-04T03:30:45+00:00\",\"dateModified\":\"2025-12-05T06:58:37+00:00\",\"breadcrumb\":{\"@id\":\"https:\/\/snap-on.eu\/de\/franchisee-app-nutzungsbedingungen\/#breadcrumb\"},\"inLanguage\":\"de\",\"potentialAction\":[{\"@type\":\"ReadAction\",\"target\":[\"https:\/\/snap-on.eu\/de\/franchisee-app-nutzungsbedingungen\/\"]}]},{\"@type\":\"BreadcrumbList\",\"@id\":\"https:\/\/snap-on.eu\/de\/franchisee-app-nutzungsbedingungen\/#breadcrumb\",\"itemListElement\":[{\"@type\":\"ListItem\",\"position\":1,\"name\":\"Home\",\"item\":\"https:\/\/snap-on.eu\/de\/\"},{\"@type\":\"ListItem\",\"position\":2,\"name\":\"Franchisee App \u2013 Nutzungsbedingungen\"}]},{\"@type\":\"WebSite\",\"@id\":\"https:\/\/snap-on.eu\/#website\",\"url\":\"https:\/\/snap-on.eu\/\",\"name\":\"Snap-on Tools Benelux\",\"description\":\"\",\"publisher\":{\"@id\":\"https:\/\/snap-on.eu\/#organization\"},\"potentialAction\":[{\"@type\":\"SearchAction\",\"target\":{\"@type\":\"EntryPoint\",\"urlTemplate\":\"https:\/\/snap-on.eu\/?s={search_term_string}\"},\"query-input\":{\"@type\":\"PropertyValueSpecification\",\"valueRequired\":true,\"valueName\":\"search_term_string\"}}],\"inLanguage\":\"de\"},{\"@type\":\"Organization\",\"@id\":\"https:\/\/snap-on.eu\/#organization\",\"name\":\"Snap-on Tools Benelux B.V.\",\"url\":\"https:\/\/snap-on.eu\/\",\"logo\":{\"@type\":\"ImageObject\",\"inLanguage\":\"de\",\"@id\":\"https:\/\/snap-on.eu\/#\/schema\/logo\/image\/\",\"url\":\"https:\/\/snap-on.eu\/wp-content\/uploads\/2025\/02\/Snap-on-Logo.png\",\"contentUrl\":\"https:\/\/snap-on.eu\/wp-content\/uploads\/2025\/02\/Snap-on-Logo.png\",\"width\":3840,\"height\":2160,\"caption\":\"Snap-on Tools Benelux B.V.\"},\"image\":{\"@id\":\"https:\/\/snap-on.eu\/#\/schema\/logo\/image\/\"},\"sameAs\":[\"https:\/\/www.facebook.com\/Snapon.Benelux\",\"https:\/\/x.com\/SnaponBenelux\"]}]}<\/script>\n<!-- \/ Yoast SEO Premium plugin. -->","yoast_head_json":{"title":"Franchisee App \u2013 Nutzungsbedingungen - Snap-on","robots":{"index":"index","follow":"follow","max-snippet":"max-snippet:-1","max-image-preview":"max-image-preview:large","max-video-preview":"max-video-preview:-1"},"canonical":"https:\/\/snap-on.eu\/de\/franchisee-app-nutzungsbedingungen\/","og_locale":"de_DE","og_type":"article","og_title":"Franchisee App \u2013 Nutzungsbedingungen","og_url":"https:\/\/snap-on.eu\/de\/franchisee-app-nutzungsbedingungen\/","og_site_name":"Snap-on","article_publisher":"https:\/\/www.facebook.com\/Snapon.Benelux","article_modified_time":"2025-12-05T06:58:37+00:00","twitter_card":"summary_large_image","twitter_site":"@SnaponBenelux","schema":{"@context":"https:\/\/schema.org","@graph":[{"@type":"WebPage","@id":"https:\/\/snap-on.eu\/de\/franchisee-app-nutzungsbedingungen\/","url":"https:\/\/snap-on.eu\/de\/franchisee-app-nutzungsbedingungen\/","name":"Franchisee App \u2013 Nutzungsbedingungen - Snap-on","isPartOf":{"@id":"https:\/\/snap-on.eu\/#website"},"datePublished":"2025-12-04T03:30:45+00:00","dateModified":"2025-12-05T06:58:37+00:00","breadcrumb":{"@id":"https:\/\/snap-on.eu\/de\/franchisee-app-nutzungsbedingungen\/#breadcrumb"},"inLanguage":"de","potentialAction":[{"@type":"ReadAction","target":["https:\/\/snap-on.eu\/de\/franchisee-app-nutzungsbedingungen\/"]}]},{"@type":"BreadcrumbList","@id":"https:\/\/snap-on.eu\/de\/franchisee-app-nutzungsbedingungen\/#breadcrumb","itemListElement":[{"@type":"ListItem","position":1,"name":"Home","item":"https:\/\/snap-on.eu\/de\/"},{"@type":"ListItem","position":2,"name":"Franchisee App \u2013 Nutzungsbedingungen"}]},{"@type":"WebSite","@id":"https:\/\/snap-on.eu\/#website","url":"https:\/\/snap-on.eu\/","name":"Snap-on Tools Benelux","description":"","publisher":{"@id":"https:\/\/snap-on.eu\/#organization"},"potentialAction":[{"@type":"SearchAction","target":{"@type":"EntryPoint","urlTemplate":"https:\/\/snap-on.eu\/?s={search_term_string}"},"query-input":{"@type":"PropertyValueSpecification","valueRequired":true,"valueName":"search_term_string"}}],"inLanguage":"de"},{"@type":"Organization","@id":"https:\/\/snap-on.eu\/#organization","name":"Snap-on Tools Benelux B.V.","url":"https:\/\/snap-on.eu\/","logo":{"@type":"ImageObject","inLanguage":"de","@id":"https:\/\/snap-on.eu\/#\/schema\/logo\/image\/","url":"https:\/\/snap-on.eu\/wp-content\/uploads\/2025\/02\/Snap-on-Logo.png","contentUrl":"https:\/\/snap-on.eu\/wp-content\/uploads\/2025\/02\/Snap-on-Logo.png","width":3840,"height":2160,"caption":"Snap-on Tools Benelux B.V."},"image":{"@id":"https:\/\/snap-on.eu\/#\/schema\/logo\/image\/"},"sameAs":["https:\/\/www.facebook.com\/Snapon.Benelux","https:\/\/x.com\/SnaponBenelux"]}]}},"_links":{"self":[{"href":"https:\/\/snap-on.eu\/de\/wp-json\/wp\/v2\/pages\/6004","targetHints":{"allow":["GET"]}}],"collection":[{"href":"https:\/\/snap-on.eu\/de\/wp-json\/wp\/v2\/pages"}],"about":[{"href":"https:\/\/snap-on.eu\/de\/wp-json\/wp\/v2\/types\/page"}],"author":[{"embeddable":true,"href":"https:\/\/snap-on.eu\/de\/wp-json\/wp\/v2\/users\/1"}],"replies":[{"embeddable":true,"href":"https:\/\/snap-on.eu\/de\/wp-json\/wp\/v2\/comments?post=6004"}],"version-history":[{"count":2,"href":"https:\/\/snap-on.eu\/de\/wp-json\/wp\/v2\/pages\/6004\/revisions"}],"predecessor-version":[{"id":6012,"href":"https:\/\/snap-on.eu\/de\/wp-json\/wp\/v2\/pages\/6004\/revisions\/6012"}],"wp:attachment":[{"href":"https:\/\/snap-on.eu\/de\/wp-json\/wp\/v2\/media?parent=6004"}],"curies":[{"name":"wp","href":"https:\/\/api.w.org\/{rel}","templated":true}]}}